{"id":5543,"date":"2016-10-11T21:44:51","date_gmt":"2016-10-11T19:44:51","guid":{"rendered":"https:\/\/simsim-dive.de\/?page_id=5543"},"modified":"2018-05-18T11:20:58","modified_gmt":"2018-05-18T09:20:58","slug":"contact","status":"publish","type":"page","link":"https:\/\/simsim-dive.de\/fr\/contact\/","title":{"rendered":"Contact"},"content":{"rendered":"<p>[vc_row][vc_column offset=\u00a0\u00bbvc_hidden-lg vc_hidden-md vc_hidden-sm vc_hidden-xs\u00a0\u00bb][vc_column_text]Kontakt us <a href=\"https:\/\/simsim-dive.de\/\">now<\/a> and we will <a href=\"https:\/\/en.wikipedia.org\/wiki\/Red_Sea\">respond<\/a> immediately we are always available for<\/p>\n<p>\u00c4gypten<br \/>\nWillkommen im Tauchparadies<\/p>\n<p>Tauchsafaris und Kite Safaris in \u00c4gypten im und auf dem Roten Meer, sowie exklusive Tages-Tauchfahrten. Schwimmen mit Delfinen in freier Natur und vieles mehr erwartet Sie bei uns.<\/p>\n<p>Wir sind ein Familienunternehmen und konzentrieren uns auf famili\u00e4re Tauchreisen, Kite-Safaris und Delfin Touren in Kleingruppen.<\/p>\n<p>Aktualisiert am 03.12.2017<\/p>\n<p>Unsere weiteren Tagesausfl\u00fcge und Delfin Tagesfahrten findet Ihr auf unserer zweiten Webseite:<\/p>\n<p>www.simsim-reisen.de<br \/>\nMehr lesen<br \/>\nTauchsafaris<\/p>\n<p>Seid zu Gast auf unserer SIMSIM DIVE und fahrt f\u00fcr mehrere Tagen zu legend\u00e4ren Tauchpl\u00e4tzen im Roten Meer. Tages- und Nachttauchg\u00e4nge, Wrack-Tauchen und einfach eine entspannte Atmosph\u00e4re an Bord geniessen. Wir lassen eure unvergessliche Tauchsafari schon ab 8 Personen starten und garantieren euch kein Massentourismus an Bord. Sowie eine perfekt-eingespielte, erfahrene Bootscrew \u2013 ein sauberes, gro\u00dfes und gem\u00fctliches Tauchboot und unvergessliche sch\u00f6ne Tage bei uns auf der SIMSIM DIVE. Wir freuen uns auf euch !<br \/>\nKite Safari<\/p>\n<p>Eine Kite Safari ist etwas ganz Besonderes f\u00fcr die Kite Surfer! Die Surfer k\u00f6nnen auf unserer SIMSIM DIVE bequem und ruhig \u00fcbernachten. Gleich nach dem Fr\u00fchst\u00fcck kann man den Tag aktiv starten und mit dem Kiten am fr\u00fchen Morgen beginnen. Wir fahren euch an die besten Pl\u00e4tze, dort wo Ihr in seichtem t\u00fcrkisfarbenen Wasser und ohne Korallenriffe eure K\u00fcnste und Leidenschaft ausleben k\u00f6nnt. Sollte der Wind mal nicht mitspielen wollen, dann habt Ihr an Bord die M\u00f6glichkeit zu Tauchen oder auch einfach nur Schnorcheln. Let\u00b4s have Fun \u2026<\/p>\n<p>your help , answer your questions and receive your feed back just us and we will answer you as our team trained to support and handle your inquiries so if you can&rsquo;t reach us we will Kontakt you as soon as we et your contact information us now and we will respond immediately we are always available Kontakt for your help , answer your Kontakt questions and\u00a0Kontakt receive your feed back just contact us and we will answer you as our contact team Kontakt trained to support and handle your inquaries so if you can&rsquo;t reach us we will contact you as soon as we et your contact information<\/p>\n<p><span lang=\"en\">Experience unforgettable moments enjoy the sunsets be close to the realm of dolphins and make dreams come true. Throughout the year we organize unique experiences with free-living dolphins. We are the first provider of professional dolphin tours in\u00a0Hurghada and El Gouna<\/span><\/p>\n<p>Welcome to the diving paradise!<\/p>\n<p>Kontakt We offer daily scuba diving and diving safaris. Moreover you can expect snorkeling with dolphins in the open water.<\/p>\n<p>SimSim is a German\/Egyptian family business and is focused on individual diving journeys and dolphin-tours in minor groups.<\/p>\n<p>Our yacht is located in the New Marina Hurghada. Our own boats are perfectly adapted to our guests.<\/p>\n<div class=\"slide-tour\">\n<p id=\"tw-target-text\" class=\"tw-data-text tw-ta tw-text-small\" dir=\"ltr\" data-placeholder=\"\u00dcbersetzung\"><span lang=\"en\">Visit our SIMSIM DIVE and travel for several days to legendary dive sites in the Red Sea. Day and night dives, wreck diving and simply a relaxed atmosphere on board.<\/span><\/p>\n<\/div>\n<div class=\"slide-tour\">\n<h3><a href=\"https:\/\/simsim-dive.de\/tour\/dolphin-safari\/\">Dolphin-Safari<\/a><\/h3>\n<p id=\"tw-target-text\" class=\"tw-data-text tw-ta tw-text-small\" dir=\"ltr\" data-placeholder=\"\u00dcbersetzung\"><span lang=\"en\">Experience unforgettable moments enjoy the sunsets be close to the realm of dolphins and make dreams come true. Throughout the year we organize unique experiences with free-living dolphins. We are the first provider of professional dolphin tours in\u00a0Hurghada and El Gouna.<\/span><\/p>\n<\/div>\n<div class=\"slide-tour\">\n<h3><a href=\"https:\/\/simsim-dive.de\/tour\/learning-scuba-dive\/\">Learning Scuba Dive<\/a><\/h3>\n<p id=\"tw-target-text\" class=\"tw-data-text tw-ta tw-text-small\" dir=\"ltr\" data-placeholder=\"\u00dcbersetzung\"><span lang=\"en\">You\u00a0want more than just snorkeling finally dive and explore the depths of the Red Sea. Let\u2019s go in your diving adventure! Try with the first\u00a0course the OPEN WATER DIVE.<\/span><\/p>\n<\/div>\n<p>&nbsp;<\/p>\n<h2>Kontakt<\/h2>\n<h2><img loading=\"lazy\" decoding=\"async\" class=\"alignnone size-thumbnail wp-image-4170\" src=\"https:\/\/simsim-dive.de\/wp-content\/uploads\/2017\/12\/P1530485-150x150.jpg\" alt=\"Kontakt\" width=\"150\" height=\"150\" srcset=\"https:\/\/simsim-dive.de\/wp-content\/uploads\/2017\/12\/P1530485-150x150.jpg 150w, https:\/\/simsim-dive.de\/wp-content\/uploads\/2017\/12\/P1530485-400x400.jpg 400w\" sizes=\"auto, (max-width: 150px) 100vw, 150px\" \/><\/h2>\n<p>[\/vc_column_text][\/vc_column][\/vc_row]<\/p>\n","protected":false},"excerpt":{"rendered":"<p>[vc_row][vc_column offset=\u00a0\u00bbvc_hidden-lg vc_hidden-md vc_hidden-sm vc_hidden-xs\u00a0\u00bb][vc_column_text]Kontakt us now and we will respond immediately we are always available for \u00c4gypten Willkommen im Tauchparadies Tauchsafaris und Kite Safaris in \u00c4gypten im und auf dem Roten Meer, sowie exklusive Tages-Tauchfahrten. Schwimmen mit Delfinen in freier Natur und vieles mehr erwartet Sie bei uns. Wir sind ein Familienunternehmen und konzentrieren [&hellip;]<\/p>\n","protected":false},"author":5,"featured_media":0,"parent":0,"menu_order":11,"comment_status":"closed","ping_status":"closed","template":"templates\/kontakt.php","meta":{"footnotes":""},"class_list":["post-5543","page","type-page","status-publish","hentry"],"yoast_head":"<!-- This site is optimized with the Yoast SEO plugin v23.9 - https:\/\/yoast.com\/wordpress\/plugins\/seo\/ -->\n<title>Safaris de plong\u00e9e en Egypte dans la mer Rouge. Liveaboards!<\/title>\n<meta name=\"description\" content=\"Croisi\u00e8res de plong\u00e9e en Egypte - Red Mees. Liveaboards - Nous sommes un organisateur de croisi\u00e8res et ne sommes pas sp\u00e9cialis\u00e9s dans le tourisme de masse.\" \/>\n<meta name=\"robots\" content=\"index, follow, max-snippet:-1, max-image-preview:large, max-video-preview:-1\" \/>\n<link rel=\"canonical\" href=\"http:\/\/simsim-dive.de\/fr\/contact\/\" \/>\n<meta property=\"og:locale\" content=\"fr_FR\" \/>\n<meta property=\"og:type\" content=\"article\" \/>\n<meta property=\"og:title\" content=\"Safaris de plong\u00e9e en Egypte dans la mer Rouge. Liveaboards!\" \/>\n<meta property=\"og:description\" content=\"Croisi\u00e8res de plong\u00e9e en Egypte - Red Mees. Liveaboards - Nous sommes un organisateur de croisi\u00e8res et ne sommes pas sp\u00e9cialis\u00e9s dans le tourisme de masse.\" \/>\n<meta property=\"og:url\" content=\"http:\/\/simsim-dive.de\/fr\/contact\/\" \/>\n<meta property=\"og:site_name\" content=\"SimSim Diving\" \/>\n<meta property=\"article:publisher\" content=\"https:\/\/www.facebook.com\/simsimdive\" \/>\n<meta property=\"article:modified_time\" content=\"2018-05-18T09:20:58+00:00\" \/>\n<meta property=\"og:image\" content=\"https:\/\/simsim-dive.de\/wp-content\/uploads\/2017\/12\/P1530485-150x150.jpg\" \/>\n<meta name=\"twitter:card\" content=\"summary_large_image\" \/>\n<meta name=\"twitter:site\" content=\"@SimSimReisen\" \/>\n<meta name=\"twitter:label1\" content=\"Dur\u00e9e de lecture estim\u00e9e\" \/>\n\t<meta name=\"twitter:data1\" content=\"3 minutes\" \/>\n<script type=\"application\/ld+json\" class=\"yoast-schema-graph\">{\"@context\":\"https:\/\/schema.org\",\"@graph\":[{\"@type\":\"WebPage\",\"@id\":\"http:\/\/simsim-dive.de\/fr\/contact\/\",\"url\":\"http:\/\/simsim-dive.de\/fr\/contact\/\",\"name\":\"Safaris de plong\u00e9e en Egypte dans la mer Rouge. Liveaboards!\",\"isPartOf\":{\"@id\":\"http:\/\/simsim-dive.de\/fr\/#website\"},\"primaryImageOfPage\":{\"@id\":\"http:\/\/simsim-dive.de\/fr\/contact\/#primaryimage\"},\"image\":{\"@id\":\"http:\/\/simsim-dive.de\/fr\/contact\/#primaryimage\"},\"thumbnailUrl\":\"https:\/\/simsim-dive.de\/wp-content\/uploads\/2017\/12\/P1530485-150x150.jpg\",\"datePublished\":\"2016-10-11T19:44:51+00:00\",\"dateModified\":\"2018-05-18T09:20:58+00:00\",\"description\":\"Croisi\u00e8res de plong\u00e9e en Egypte - Red Mees. Liveaboards - Nous sommes un organisateur de croisi\u00e8res et ne sommes pas sp\u00e9cialis\u00e9s dans le tourisme de masse.\",\"breadcrumb\":{\"@id\":\"http:\/\/simsim-dive.de\/fr\/contact\/#breadcrumb\"},\"inLanguage\":\"fr-FR\",\"potentialAction\":[{\"@type\":\"ReadAction\",\"target\":[\"http:\/\/simsim-dive.de\/fr\/contact\/\"]}]},{\"@type\":\"ImageObject\",\"inLanguage\":\"fr-FR\",\"@id\":\"http:\/\/simsim-dive.de\/fr\/contact\/#primaryimage\",\"url\":\"https:\/\/simsim-dive.de\/wp-content\/uploads\/2017\/12\/P1530485-150x150.jpg\",\"contentUrl\":\"https:\/\/simsim-dive.de\/wp-content\/uploads\/2017\/12\/P1530485-150x150.jpg\"},{\"@type\":\"BreadcrumbList\",\"@id\":\"http:\/\/simsim-dive.de\/fr\/contact\/#breadcrumb\",\"itemListElement\":[{\"@type\":\"ListItem\",\"position\":1,\"name\":\"Startseite\",\"item\":\"http:\/\/simsim-dive.de\/fr\/\"},{\"@type\":\"ListItem\",\"position\":2,\"name\":\"Contact\"}]},{\"@type\":\"WebSite\",\"@id\":\"http:\/\/simsim-dive.de\/fr\/#website\",\"url\":\"http:\/\/simsim-dive.de\/fr\/\",\"name\":\"SimSim Diving\",\"description\":\"Diving Paradise!\",\"potentialAction\":[{\"@type\":\"SearchAction\",\"target\":{\"@type\":\"EntryPoint\",\"urlTemplate\":\"http:\/\/simsim-dive.de\/fr\/?s={search_term_string}\"},\"query-input\":{\"@type\":\"PropertyValueSpecification\",\"valueRequired\":true,\"valueName\":\"search_term_string\"}}],\"inLanguage\":\"fr-FR\"}]}<\/script>\n<!-- \/ Yoast SEO plugin. -->","yoast_head_json":{"title":"Safaris de plong\u00e9e en Egypte dans la mer Rouge. Liveaboards!","description":"Croisi\u00e8res de plong\u00e9e en Egypte - Red Mees. Liveaboards - Nous sommes un organisateur de croisi\u00e8res et ne sommes pas sp\u00e9cialis\u00e9s dans le tourisme de masse.","robots":{"index":"index","follow":"follow","max-snippet":"max-snippet:-1","max-image-preview":"max-image-preview:large","max-video-preview":"max-video-preview:-1"},"canonical":"http:\/\/simsim-dive.de\/fr\/contact\/","og_locale":"fr_FR","og_type":"article","og_title":"Safaris de plong\u00e9e en Egypte dans la mer Rouge. Liveaboards!","og_description":"Croisi\u00e8res de plong\u00e9e en Egypte - Red Mees. Liveaboards - Nous sommes un organisateur de croisi\u00e8res et ne sommes pas sp\u00e9cialis\u00e9s dans le tourisme de masse.","og_url":"http:\/\/simsim-dive.de\/fr\/contact\/","og_site_name":"SimSim Diving","article_publisher":"https:\/\/www.facebook.com\/simsimdive","article_modified_time":"2018-05-18T09:20:58+00:00","og_image":[{"url":"https:\/\/simsim-dive.de\/wp-content\/uploads\/2017\/12\/P1530485-150x150.jpg"}],"twitter_card":"summary_large_image","twitter_site":"@SimSimReisen","twitter_misc":{"Dur\u00e9e de lecture estim\u00e9e":"3 minutes"},"schema":{"@context":"https:\/\/schema.org","@graph":[{"@type":"WebPage","@id":"http:\/\/simsim-dive.de\/fr\/contact\/","url":"http:\/\/simsim-dive.de\/fr\/contact\/","name":"Safaris de plong\u00e9e en Egypte dans la mer Rouge. Liveaboards!","isPartOf":{"@id":"http:\/\/simsim-dive.de\/fr\/#website"},"primaryImageOfPage":{"@id":"http:\/\/simsim-dive.de\/fr\/contact\/#primaryimage"},"image":{"@id":"http:\/\/simsim-dive.de\/fr\/contact\/#primaryimage"},"thumbnailUrl":"https:\/\/simsim-dive.de\/wp-content\/uploads\/2017\/12\/P1530485-150x150.jpg","datePublished":"2016-10-11T19:44:51+00:00","dateModified":"2018-05-18T09:20:58+00:00","description":"Croisi\u00e8res de plong\u00e9e en Egypte - Red Mees. Liveaboards - Nous sommes un organisateur de croisi\u00e8res et ne sommes pas sp\u00e9cialis\u00e9s dans le tourisme de masse.","breadcrumb":{"@id":"http:\/\/simsim-dive.de\/fr\/contact\/#breadcrumb"},"inLanguage":"fr-FR","potentialAction":[{"@type":"ReadAction","target":["http:\/\/simsim-dive.de\/fr\/contact\/"]}]},{"@type":"ImageObject","inLanguage":"fr-FR","@id":"http:\/\/simsim-dive.de\/fr\/contact\/#primaryimage","url":"https:\/\/simsim-dive.de\/wp-content\/uploads\/2017\/12\/P1530485-150x150.jpg","contentUrl":"https:\/\/simsim-dive.de\/wp-content\/uploads\/2017\/12\/P1530485-150x150.jpg"},{"@type":"BreadcrumbList","@id":"http:\/\/simsim-dive.de\/fr\/contact\/#breadcrumb","itemListElement":[{"@type":"ListItem","position":1,"name":"Startseite","item":"http:\/\/simsim-dive.de\/fr\/"},{"@type":"ListItem","position":2,"name":"Contact"}]},{"@type":"WebSite","@id":"http:\/\/simsim-dive.de\/fr\/#website","url":"http:\/\/simsim-dive.de\/fr\/","name":"SimSim Diving","description":"Diving Paradise!","potentialAction":[{"@type":"SearchAction","target":{"@type":"EntryPoint","urlTemplate":"http:\/\/simsim-dive.de\/fr\/?s={search_term_string}"},"query-input":{"@type":"PropertyValueSpecification","valueRequired":true,"valueName":"search_term_string"}}],"inLanguage":"fr-FR"}]}},"_links":{"self":[{"href":"https:\/\/simsim-dive.de\/fr\/wp-json\/wp\/v2\/pages\/5543","targetHints":{"allow":["GET"]}}],"collection":[{"href":"https:\/\/simsim-dive.de\/fr\/wp-json\/wp\/v2\/pages"}],"about":[{"href":"https:\/\/simsim-dive.de\/fr\/wp-json\/wp\/v2\/types\/page"}],"author":[{"embeddable":true,"href":"https:\/\/simsim-dive.de\/fr\/wp-json\/wp\/v2\/users\/5"}],"replies":[{"embeddable":true,"href":"https:\/\/simsim-dive.de\/fr\/wp-json\/wp\/v2\/comments?post=5543"}],"version-history":[{"count":7,"href":"https:\/\/simsim-dive.de\/fr\/wp-json\/wp\/v2\/pages\/5543\/revisions"}],"predecessor-version":[{"id":5936,"href":"https:\/\/simsim-dive.de\/fr\/wp-json\/wp\/v2\/pages\/5543\/revisions\/5936"}],"wp:attachment":[{"href":"https:\/\/simsim-dive.de\/fr\/wp-json\/wp\/v2\/media?parent=5543"}],"curies":[{"name":"wp","href":"https:\/\/api.w.org\/{rel}","templated":true}]}}