{"id":5540,"date":"2018-05-18T10:39:20","date_gmt":"2018-05-18T08:39:20","guid":{"rendered":"https:\/\/simsim-dive.de\/?page_id=5540"},"modified":"2018-05-18T11:17:55","modified_gmt":"2018-05-18T09:17:55","slug":"info","status":"publish","type":"page","link":"https:\/\/simsim-dive.de\/fr\/info\/","title":{"rendered":"Info"},"content":{"rendered":"<p>[vc_row][vc_column offset=\u00a0\u00bbvc_hidden-lg vc_hidden-md vc_hidden-sm vc_hidden-xs\u00a0\u00bb][vc_column_text]info Nous travaillons avec succ\u00e8s dans le tourisme depuis plus de 22 ans. <a href=\"https:\/\/simsim-dive.de\/\"<\/a> und <a href=\"https:\/\/en.wikipedia.org\/wiki\/Red_Sea\">erfolgreich<\/a>.<\/p>\n<p><strong>Hospitalit\u00e9<\/strong><\/p>\n<p>Les participants sont tr\u00e8s importants pour nous. Nous ne voulons non seulement vous faire connaitre l\u2019hospitalit\u00e9 typique \u00e9gyptienne- nous tenons \u00e0 \u00eatre en compagnie et de vous encadrer le mieux possible. Effectivement, le participant est encore roi chez nous!<\/p>\n<p><strong>Experience<\/strong><\/p>\n<p>Notre \u00e9quipe enti\u00e8re est comp\u00e9tente et enjou\u00e9e. Nous disposons d\u2019une \u00e9norme exp\u00e9rience et pouvons reposer sur deux d\u00e9cennies de vacanciers satisfaits. Ce qui nous rend tr\u00e8s fiers et heureux.<\/p>\n<p><strong>Qualit\u00e9 plut\u00f4t que quantit\u00e9<\/strong><\/p>\n<p>Nous suivons nos participants de mani\u00e8re personnelle parce que nous sommes persuad\u00e9s que la qualit\u00e9 et l\u2019aspect humain ne doivent pas perdre la priorit\u00e9. Nous ne voulons pas proposer du tourisme de masse. Nous tenons beaucoup \u00e0 ce que l\u2019environnement soit pr\u00e9serv\u00e9 et \u00e0 une ouverture d\u00b4 esprit pour la culture \u00e9gyptienne et ses valeurs. Nous ne voulons pas servir quelqu\u2019un sans lui pr\u00eater attention. Une relation face \u00e0 face renforce le sens de la communaut\u00e9 et vous fera rentrer avec le sentiment d\u2019avoir \u00e9t\u00e9 chez vous.<\/p>\n<p><b>Poursuivre de id\u00e9aux<\/b><\/p>\n<p>Nous poursuivons les id\u00e9aux que nous avons \u00e9tablis pour les participants et nous.<\/p>\n<p><strong>Etre \u00e0 l\u00b4aise<\/strong><\/p>\n<p>Nous tenons \u00e0 une ambiance bienfaisante \u00e0 bord de l\u2019arriv\u00e9e au d\u00e9part. Nos bateaux sont am\u00e9nag\u00e9s de fa\u00e7on moderne et confortable.<\/p>\n<p><strong>Horaires flexibles<\/strong><\/p>\n<p>Il n\u00b4 y a pas d` horaires fixes pour les entretiens que ce soit au t\u00e9l\u00e9phone ou vis-\u00e0-vis. Nous sommes \u00e0 tout moment joignables.<\/p>\n<p><strong>Faire plaisir<\/strong><\/p>\n<p>Pour que vous puissiez vous sentir chez vous, nous vous offrons plus qu\u2019un sourire.<\/p>\n<p><img loading=\"lazy\" decoding=\"async\" class=\"alignnone size-thumbnail wp-image-4213\" src=\"https:\/\/simsim-dive.de\/wp-content\/uploads\/2016\/10\/IMG_5157-150x150.jpg\" alt=\"info\" width=\"150\" height=\"150\" srcset=\"https:\/\/simsim-dive.de\/wp-content\/uploads\/2016\/10\/IMG_5157-150x150.jpg 150w, https:\/\/simsim-dive.de\/wp-content\/uploads\/2016\/10\/IMG_5157-400x400.jpg 400w\" sizes=\"auto, (max-width: 150px) 100vw, 150px\" \/>[\/vc_column_text][\/vc_column][\/vc_row][vc_row][vc_column][vc_column_text]<\/p>\n<p style=\"text-align: left;\"><strong>Nous travaillons avec succ\u00e8s dans le tourisme depuis plus de 22 ans.<\/strong><\/p>\n<p style=\"text-align: left;\"><strong> Notre philosophie dit non au tourisme de masse! La qualit\u00e9 est en relation avec l\u2019individualit\u00e9.<br \/>\n<\/strong><\/p>\n<table class=\" alignleft\" border=\"0\" width=\"80%\" cellspacing=\"10\" cellpadding=\"0\" align=\"center\">\n<tbody>\n<tr>\n<td style=\"width: 89.91058655221745%;\" valign=\"top\"><strong> Hospitalit\u00e9<\/strong><\/p>\n<p>Les participants sont tr\u00e8s importants pour nous. Nous ne voulons non seulement vous faire connaitre l\u2019hospitalit\u00e9 typique \u00e9gyptienne- nous tenons \u00e0 \u00eatre en compagnie et de vous encadrer le mieux possible. Effectivement, le participant est encore roi chez nous!<\/p>\n<p><strong>Experience<\/strong><\/p>\n<p>Notre \u00e9quipe enti\u00e8re est comp\u00e9tente et enjou\u00e9e. Nous disposons d\u2019une \u00e9norme exp\u00e9rience et pouvons reposer sur deux d\u00e9cennies de vacanciers satisfaits. Ce qui nous rend tr\u00e8s fiers et heureux.<\/p>\n<p><strong>Qualit\u00e9 plut\u00f4t que quantit\u00e9<\/strong><\/p>\n<p>Nous suivons nos participants de mani\u00e8re personnelle parce que nous sommes persuad\u00e9s que la qualit\u00e9 et l\u2019aspect humain ne doivent pas perdre la priorit\u00e9. Nous ne voulons pas proposer du tourisme de masse. Nous tenons beaucoup \u00e0 ce que l\u2019environnement soit pr\u00e9serv\u00e9 et \u00e0 une ouverture d\u00b4 esprit pour la culture \u00e9gyptienne et ses valeurs. Nous ne voulons pas servir quelqu\u2019un sans lui pr\u00eater attention. Une relation face \u00e0 face renforce le sens de la communaut\u00e9 et vous fera rentrer avec le sentiment d\u2019avoir \u00e9t\u00e9 chez vous.<\/p>\n<p><b>Poursuivre de id\u00e9aux<\/b><\/p>\n<p>Nous poursuivons les id\u00e9aux que nous avons \u00e9tablis pour les participants et nous.<\/p>\n<p><strong>Etre \u00e0 l\u00b4aise<\/strong><\/p>\n<p>Nous tenons \u00e0 une ambiance bienfaisante \u00e0 bord de l\u2019arriv\u00e9e au d\u00e9part. Nos bateaux sont am\u00e9nag\u00e9s de fa\u00e7on moderne et confortable.<\/p>\n<p><strong>Horaires flexibles<\/strong><\/p>\n<p>Il n\u00b4 y a pas d` horaires fixes pour les entretiens que ce soit au t\u00e9l\u00e9phone ou vis-\u00e0-vis. Nous sommes \u00e0 tout moment joignables.<\/p>\n<p><strong>Faire plaisir<\/strong><\/p>\n<p>Pour que vous puissiez vous sentir chez vous, nous vous offrons plus qu\u2019un sourire.<\/td>\n<\/tr>\n<\/tbody>\n<\/table>\n<p>[\/vc_column_text][\/vc_column][\/vc_row]<\/p>\n","protected":false},"excerpt":{"rendered":"<p>[vc_row][vc_column offset=\u00a0\u00bbvc_hidden-lg vc_hidden-md vc_hidden-sm vc_hidden-xs\u00a0\u00bb][vc_column_text]info Nous travaillons avec succ\u00e8s dans le tourisme depuis plus de 22 ans.<\/p>\n","protected":false},"author":2,"featured_media":0,"parent":0,"menu_order":8,"comment_status":"closed","ping_status":"closed","template":"","meta":{"footnotes":""},"class_list":["post-5540","page","type-page","status-publish","hentry"],"yoast_head":"<!-- This site is optimized with the Yoast SEO plugin v23.9 - https:\/\/yoast.com\/wordpress\/plugins\/seo\/ -->\n<title>Croisi\u00e8res de plong\u00e9e exclusives en Egypte en Mer Rouge<\/title>\n<meta name=\"description\" content=\"Des croisi\u00e8res exceptionnelles pour tous les amoureux de la mer en Egypte\" \/>\n<meta name=\"robots\" content=\"index, follow, max-snippet:-1, max-image-preview:large, max-video-preview:-1\" \/>\n<link rel=\"canonical\" href=\"https:\/\/simsim-dive.de\/fr\/info\/\" \/>\n<meta property=\"og:locale\" content=\"fr_FR\" \/>\n<meta property=\"og:type\" content=\"article\" \/>\n<meta property=\"og:title\" content=\"Croisi\u00e8res de plong\u00e9e exclusives en Egypte en Mer Rouge\" \/>\n<meta property=\"og:description\" content=\"Des croisi\u00e8res exceptionnelles pour tous les amoureux de la mer en Egypte\" \/>\n<meta property=\"og:url\" content=\"https:\/\/simsim-dive.de\/fr\/info\/\" \/>\n<meta property=\"og:site_name\" content=\"SimSim Diving\" \/>\n<meta property=\"article:publisher\" content=\"https:\/\/www.facebook.com\/simsimdive\" \/>\n<meta property=\"article:modified_time\" content=\"2018-05-18T09:17:55+00:00\" \/>\n<meta property=\"og:image\" content=\"https:\/\/simsim-dive.de\/wp-content\/uploads\/2016\/10\/IMG_5157-150x150.jpg\" \/>\n<meta name=\"twitter:card\" content=\"summary_large_image\" \/>\n<meta name=\"twitter:site\" content=\"@SimSimReisen\" \/>\n<script type=\"application\/ld+json\" class=\"yoast-schema-graph\">{\"@context\":\"https:\/\/schema.org\",\"@graph\":[{\"@type\":\"WebPage\",\"@id\":\"https:\/\/simsim-dive.de\/fr\/info\/\",\"url\":\"https:\/\/simsim-dive.de\/fr\/info\/\",\"name\":\"Croisi\u00e8res de plong\u00e9e exclusives en Egypte en Mer Rouge\",\"isPartOf\":{\"@id\":\"http:\/\/simsim-dive.de\/#website\"},\"primaryImageOfPage\":{\"@id\":\"https:\/\/simsim-dive.de\/fr\/info\/#primaryimage\"},\"image\":{\"@id\":\"https:\/\/simsim-dive.de\/fr\/info\/#primaryimage\"},\"thumbnailUrl\":\"https:\/\/simsim-dive.de\/wp-content\/uploads\/2016\/10\/IMG_5157-150x150.jpg\",\"datePublished\":\"2018-05-18T08:39:20+00:00\",\"dateModified\":\"2018-05-18T09:17:55+00:00\",\"description\":\"Des croisi\u00e8res exceptionnelles pour tous les amoureux de la mer en Egypte\",\"breadcrumb\":{\"@id\":\"https:\/\/simsim-dive.de\/fr\/info\/#breadcrumb\"},\"inLanguage\":\"fr-FR\",\"potentialAction\":[{\"@type\":\"ReadAction\",\"target\":[\"https:\/\/simsim-dive.de\/fr\/info\/\"]}]},{\"@type\":\"ImageObject\",\"inLanguage\":\"fr-FR\",\"@id\":\"https:\/\/simsim-dive.de\/fr\/info\/#primaryimage\",\"url\":\"https:\/\/simsim-dive.de\/wp-content\/uploads\/2016\/10\/IMG_5157-150x150.jpg\",\"contentUrl\":\"https:\/\/simsim-dive.de\/wp-content\/uploads\/2016\/10\/IMG_5157-150x150.jpg\"},{\"@type\":\"BreadcrumbList\",\"@id\":\"https:\/\/simsim-dive.de\/fr\/info\/#breadcrumb\",\"itemListElement\":[{\"@type\":\"ListItem\",\"position\":1,\"name\":\"Startseite\",\"item\":\"http:\/\/simsim-dive.de\/fr\/\"},{\"@type\":\"ListItem\",\"position\":2,\"name\":\"Info\"}]},{\"@type\":\"WebSite\",\"@id\":\"http:\/\/simsim-dive.de\/#website\",\"url\":\"http:\/\/simsim-dive.de\/\",\"name\":\"SimSim Diving\",\"description\":\"Diving Paradise!\",\"potentialAction\":[{\"@type\":\"SearchAction\",\"target\":{\"@type\":\"EntryPoint\",\"urlTemplate\":\"http:\/\/simsim-dive.de\/?s={search_term_string}\"},\"query-input\":{\"@type\":\"PropertyValueSpecification\",\"valueRequired\":true,\"valueName\":\"search_term_string\"}}],\"inLanguage\":\"fr-FR\"}]}<\/script>\n<!-- \/ Yoast SEO plugin. -->","yoast_head_json":{"title":"Croisi\u00e8res de plong\u00e9e exclusives en Egypte en Mer Rouge","description":"Des croisi\u00e8res exceptionnelles pour tous les amoureux de la mer en Egypte","robots":{"index":"index","follow":"follow","max-snippet":"max-snippet:-1","max-image-preview":"max-image-preview:large","max-video-preview":"max-video-preview:-1"},"canonical":"https:\/\/simsim-dive.de\/fr\/info\/","og_locale":"fr_FR","og_type":"article","og_title":"Croisi\u00e8res de plong\u00e9e exclusives en Egypte en Mer Rouge","og_description":"Des croisi\u00e8res exceptionnelles pour tous les amoureux de la mer en Egypte","og_url":"https:\/\/simsim-dive.de\/fr\/info\/","og_site_name":"SimSim Diving","article_publisher":"https:\/\/www.facebook.com\/simsimdive","article_modified_time":"2018-05-18T09:17:55+00:00","og_image":[{"url":"https:\/\/simsim-dive.de\/wp-content\/uploads\/2016\/10\/IMG_5157-150x150.jpg"}],"twitter_card":"summary_large_image","twitter_site":"@SimSimReisen","schema":{"@context":"https:\/\/schema.org","@graph":[{"@type":"WebPage","@id":"https:\/\/simsim-dive.de\/fr\/info\/","url":"https:\/\/simsim-dive.de\/fr\/info\/","name":"Croisi\u00e8res de plong\u00e9e exclusives en Egypte en Mer Rouge","isPartOf":{"@id":"http:\/\/simsim-dive.de\/#website"},"primaryImageOfPage":{"@id":"https:\/\/simsim-dive.de\/fr\/info\/#primaryimage"},"image":{"@id":"https:\/\/simsim-dive.de\/fr\/info\/#primaryimage"},"thumbnailUrl":"https:\/\/simsim-dive.de\/wp-content\/uploads\/2016\/10\/IMG_5157-150x150.jpg","datePublished":"2018-05-18T08:39:20+00:00","dateModified":"2018-05-18T09:17:55+00:00","description":"Des croisi\u00e8res exceptionnelles pour tous les amoureux de la mer en Egypte","breadcrumb":{"@id":"https:\/\/simsim-dive.de\/fr\/info\/#breadcrumb"},"inLanguage":"fr-FR","potentialAction":[{"@type":"ReadAction","target":["https:\/\/simsim-dive.de\/fr\/info\/"]}]},{"@type":"ImageObject","inLanguage":"fr-FR","@id":"https:\/\/simsim-dive.de\/fr\/info\/#primaryimage","url":"https:\/\/simsim-dive.de\/wp-content\/uploads\/2016\/10\/IMG_5157-150x150.jpg","contentUrl":"https:\/\/simsim-dive.de\/wp-content\/uploads\/2016\/10\/IMG_5157-150x150.jpg"},{"@type":"BreadcrumbList","@id":"https:\/\/simsim-dive.de\/fr\/info\/#breadcrumb","itemListElement":[{"@type":"ListItem","position":1,"name":"Startseite","item":"http:\/\/simsim-dive.de\/fr\/"},{"@type":"ListItem","position":2,"name":"Info"}]},{"@type":"WebSite","@id":"http:\/\/simsim-dive.de\/#website","url":"http:\/\/simsim-dive.de\/","name":"SimSim Diving","description":"Diving Paradise!","potentialAction":[{"@type":"SearchAction","target":{"@type":"EntryPoint","urlTemplate":"http:\/\/simsim-dive.de\/?s={search_term_string}"},"query-input":{"@type":"PropertyValueSpecification","valueRequired":true,"valueName":"search_term_string"}}],"inLanguage":"fr-FR"}]}},"_links":{"self":[{"href":"https:\/\/simsim-dive.de\/fr\/wp-json\/wp\/v2\/pages\/5540","targetHints":{"allow":["GET"]}}],"collection":[{"href":"https:\/\/simsim-dive.de\/fr\/wp-json\/wp\/v2\/pages"}],"about":[{"href":"https:\/\/simsim-dive.de\/fr\/wp-json\/wp\/v2\/types\/page"}],"author":[{"embeddable":true,"href":"https:\/\/simsim-dive.de\/fr\/wp-json\/wp\/v2\/users\/2"}],"replies":[{"embeddable":true,"href":"https:\/\/simsim-dive.de\/fr\/wp-json\/wp\/v2\/comments?post=5540"}],"version-history":[{"count":4,"href":"https:\/\/simsim-dive.de\/fr\/wp-json\/wp\/v2\/pages\/5540\/revisions"}],"predecessor-version":[{"id":5563,"href":"https:\/\/simsim-dive.de\/fr\/wp-json\/wp\/v2\/pages\/5540\/revisions\/5563"}],"wp:attachment":[{"href":"https:\/\/simsim-dive.de\/fr\/wp-json\/wp\/v2\/media?parent=5540"}],"curies":[{"name":"wp","href":"https:\/\/api.w.org\/{rel}","templated":true}]}}