{"id":5538,"date":"2018-05-18T10:41:23","date_gmt":"2018-05-18T08:41:23","guid":{"rendered":"https:\/\/simsim-dive.de\/?page_id=5538"},"modified":"2018-05-28T10:02:55","modified_gmt":"2018-05-28T08:02:55","slug":"nouvelles","status":"publish","type":"page","link":"https:\/\/simsim-dive.de\/fr\/nouvelles\/","title":{"rendered":"Nouvelles"},"content":{"rendered":"<p>[vc_row][vc_column offset=\u00a0\u00bbvc_hidden-lg vc_hidden-md vc_hidden-sm vc_hidden-xs\u00a0\u00bb][vc_column_text]we add here all news related to safari ,diving,Hurghada news and sea activities new and our news always accurate and updated<\/p>\n<div id=\"header-teaser\">\n<div class=\"container\">\n<p><a href=\"https:\/\/en.wikipedia.org\/wiki\/Red_Sea\">Since<\/a> more than 22 years we are active in the tourism industry.<\/p>\n<p align=\"LEFT\">We have been collecting experience for many years through our offered daily trips. Therefore, we are expanding our offer with dive trips and diving-safaris.<\/p>\n<p align=\"LEFT\">For many tourists the motivation to visit Egypt are diving and snorkeling with dolphins in the open water. That\u00b4s also the reason why so many people come to Hurghada, El Gouna and Makadi Bay annually.<\/p>\n<p align=\"LEFT\">We are a German \u2013 Egyptian family business based in Hurghada and we make a point of taking care of our guests personally. We welcome you in a family atmosphere on board<\/p>\n<div id=\"header-teaser\">\n<div class=\"container\">\n<div class=\"style_27bebe\">\n<div class=\"theme_7 pag-theme2\">\n<div class=\"ict_wrapp\">\n<div id=\"indeed_carousel_view_widget_9241\" class=\"carousel_view owl-imtvc-carousel owl-imtvc-theme owl-imtvc-responsive-450 owl-imtvc-loaded\">\n<div class=\"owl-imtvc-stage-outer\">\n<div class=\"owl-imtvc-stage\">\n<div class=\"owl-imtvc-item cloned\">\n<div class=\"team-member\">e have been collecting experience for many years through our offered daily trips. Therefore, we are expanding our offer with dive trips and diving-safaris.<\/div>\n<\/div>\n<\/div>\n<\/div>\n<\/div>\n<\/div>\n<\/div>\n<\/div>\n<\/div>\n<\/div>\n<p>The wellness of our guests is very important to us. We don\u00b4t only want to communicate the egyptian hospitality. We also enjoy to be with other people.<\/p>\n<p>we add here all\u00a0 related to safari ,diving,Hurghada\u00a0 and sea activities new and our\u00a0 always accurate and updated<\/p>\n<div id=\"header-teaser\">\n<div class=\"container\">\n<p>Since more than 22 years we are active in the tourism industry.<\/p>\n<p align=\"LEFT\">We have been collecting experience for many years through our offered daily trips. Therefore, we are expanding our offer with dive trips and diving-safaris.<\/p>\n<\/div>\n<\/div>\n<div class=\"style_27bebe\">\n<div class=\"theme_7 pag-theme2\">\n<div class=\"ict_wrapp\">\n<div id=\"indeed_carousel_view_widget_9241\" class=\"carousel_view owl-imtvc-carousel owl-imtvc-theme owl-imtvc-responsive-450 owl-imtvc-loaded\">\n<div class=\"owl-imtvc-stage-outer\">\n<div class=\"owl-imtvc-stage\">\n<div class=\"owl-imtvc-item cloned\">\n<p>F\u00fcr Ausflugsbuchung kontaktieren Sie uns einfach: 0020 122 23 670 23\/ oder: 0020 10 90 80 88 54<br \/>\nSchreiben Sie uns e<a href=\"https:\/\/simsim-dive.de\/\">ine<\/a> Mail: info@simsim-dive.de<\/p>\n<div class=\"team-member\">\u00a0e have been collecting experience for many years through our offered daily trips. Therefore, we are expanding our offer with dive trips and diving-safaris.<\/div>\n<\/div>\n<\/div>\n<\/div>\n<\/div>\n<\/div>\n<\/div>\n<\/div>\n<\/div>\n<\/div>\n<p>The wellness of our guests is very important to us. We don\u00b4t only want to communicate the egyptian hospitality. We also enjoy to be with other people. In that way our guests receive thereby permanent advice and ad-hoc support. Yes, the guest is king on our boat.<\/p>\n<p><img loading=\"lazy\" decoding=\"async\" class=\"alignnone size-thumbnail wp-image-592\" src=\"https:\/\/simsim-dive.de\/wp-content\/uploads\/2016\/10\/green-check-mark-clip-art-5575-150x150.jpg\" alt=\"news\" width=\"150\" height=\"150\" \/>[\/vc_column_text][\/vc_column][\/vc_row]<\/p>\n","protected":false},"excerpt":{"rendered":"<p>[vc_row][vc_column offset=\u00a0\u00bbvc_hidden-lg vc_hidden-md vc_hidden-sm vc_hidden-xs\u00a0\u00bb][vc_column_text]we add here all news related to safari ,diving,Hurghada news and sea activities new and our news always accurate and updated Since more than 22 years we are active in the tourism industry. We have been collecting experience for many years through our offered daily trips. Therefore, we are expanding our [&hellip;]<\/p>\n","protected":false},"author":2,"featured_media":0,"parent":0,"menu_order":6,"comment_status":"closed","ping_status":"closed","template":"","meta":{"footnotes":""},"class_list":["post-5538","page","type-page","status-publish","hentry"],"yoast_head":"<!-- This site is optimized with the Yoast SEO plugin v23.9 - https:\/\/yoast.com\/wordpress\/plugins\/seo\/ -->\n<title>Croisi\u00e8res dans le sud de la mer Rouge et le plus beau monde sous-marin<\/title>\n<meta name=\"description\" content=\"Passez des moments inoubliables avec nous lors d&#039;un safari de plong\u00e9e en mer Rouge. Nous vous amenons dans les plus beaux endroits pour la plong\u00e9e. Nous n&#039;offrons pas de tourisme de masse \u00e0 bord et nous sommes un \u00e9quipage tr\u00e8s exp\u00e9riment\u00e9.\" \/>\n<meta name=\"robots\" content=\"index, follow, max-snippet:-1, max-image-preview:large, max-video-preview:-1\" \/>\n<link rel=\"canonical\" href=\"http:\/\/simsim-dive.de\/fr\/nouvelles\/\" \/>\n<meta property=\"og:locale\" content=\"fr_FR\" \/>\n<meta property=\"og:type\" content=\"article\" \/>\n<meta property=\"og:title\" content=\"Croisi\u00e8res dans le sud de la mer Rouge et le plus beau monde sous-marin\" \/>\n<meta property=\"og:description\" content=\"Passez des moments inoubliables avec nous lors d&#039;un safari de plong\u00e9e en mer Rouge. Nous vous amenons dans les plus beaux endroits pour la plong\u00e9e. Nous n&#039;offrons pas de tourisme de masse \u00e0 bord et nous sommes un \u00e9quipage tr\u00e8s exp\u00e9riment\u00e9.\" \/>\n<meta property=\"og:url\" content=\"http:\/\/simsim-dive.de\/fr\/nouvelles\/\" \/>\n<meta property=\"og:site_name\" content=\"SimSim Diving\" \/>\n<meta property=\"article:publisher\" content=\"https:\/\/www.facebook.com\/simsimdive\" \/>\n<meta property=\"article:modified_time\" content=\"2018-05-28T08:02:55+00:00\" \/>\n<meta property=\"og:image\" content=\"https:\/\/simsim-dive.de\/wp-content\/uploads\/2016\/10\/green-check-mark-clip-art-5575-150x150.jpg\" \/>\n<meta name=\"twitter:card\" content=\"summary_large_image\" \/>\n<meta name=\"twitter:site\" content=\"@SimSimReisen\" \/>\n<meta name=\"twitter:label1\" content=\"Dur\u00e9e de lecture estim\u00e9e\" \/>\n\t<meta name=\"twitter:data1\" content=\"2 minutes\" \/>\n<script type=\"application\/ld+json\" class=\"yoast-schema-graph\">{\"@context\":\"https:\/\/schema.org\",\"@graph\":[{\"@type\":\"WebPage\",\"@id\":\"http:\/\/simsim-dive.de\/fr\/nouvelles\/\",\"url\":\"http:\/\/simsim-dive.de\/fr\/nouvelles\/\",\"name\":\"Croisi\u00e8res dans le sud de la mer Rouge et le plus beau monde sous-marin\",\"isPartOf\":{\"@id\":\"http:\/\/simsim-dive.de\/fr\/#website\"},\"primaryImageOfPage\":{\"@id\":\"http:\/\/simsim-dive.de\/fr\/nouvelles\/#primaryimage\"},\"image\":{\"@id\":\"http:\/\/simsim-dive.de\/fr\/nouvelles\/#primaryimage\"},\"thumbnailUrl\":\"https:\/\/simsim-dive.de\/wp-content\/uploads\/2016\/10\/green-check-mark-clip-art-5575-150x150.jpg\",\"datePublished\":\"2018-05-18T08:41:23+00:00\",\"dateModified\":\"2018-05-28T08:02:55+00:00\",\"description\":\"Passez des moments inoubliables avec nous lors d'un safari de plong\u00e9e en mer Rouge. Nous vous amenons dans les plus beaux endroits pour la plong\u00e9e. Nous n'offrons pas de tourisme de masse \u00e0 bord et nous sommes un \u00e9quipage tr\u00e8s exp\u00e9riment\u00e9.\",\"breadcrumb\":{\"@id\":\"http:\/\/simsim-dive.de\/fr\/nouvelles\/#breadcrumb\"},\"inLanguage\":\"fr-FR\",\"potentialAction\":[{\"@type\":\"ReadAction\",\"target\":[\"http:\/\/simsim-dive.de\/fr\/nouvelles\/\"]}]},{\"@type\":\"ImageObject\",\"inLanguage\":\"fr-FR\",\"@id\":\"http:\/\/simsim-dive.de\/fr\/nouvelles\/#primaryimage\",\"url\":\"https:\/\/simsim-dive.de\/wp-content\/uploads\/2016\/10\/green-check-mark-clip-art-5575-150x150.jpg\",\"contentUrl\":\"https:\/\/simsim-dive.de\/wp-content\/uploads\/2016\/10\/green-check-mark-clip-art-5575-150x150.jpg\"},{\"@type\":\"BreadcrumbList\",\"@id\":\"http:\/\/simsim-dive.de\/fr\/nouvelles\/#breadcrumb\",\"itemListElement\":[{\"@type\":\"ListItem\",\"position\":1,\"name\":\"Startseite\",\"item\":\"http:\/\/simsim-dive.de\/fr\/\"},{\"@type\":\"ListItem\",\"position\":2,\"name\":\"Nouvelles\"}]},{\"@type\":\"WebSite\",\"@id\":\"http:\/\/simsim-dive.de\/fr\/#website\",\"url\":\"http:\/\/simsim-dive.de\/fr\/\",\"name\":\"SimSim Diving\",\"description\":\"Diving Paradise!\",\"potentialAction\":[{\"@type\":\"SearchAction\",\"target\":{\"@type\":\"EntryPoint\",\"urlTemplate\":\"http:\/\/simsim-dive.de\/fr\/?s={search_term_string}\"},\"query-input\":{\"@type\":\"PropertyValueSpecification\",\"valueRequired\":true,\"valueName\":\"search_term_string\"}}],\"inLanguage\":\"fr-FR\"}]}<\/script>\n<!-- \/ Yoast SEO plugin. -->","yoast_head_json":{"title":"Croisi\u00e8res dans le sud de la mer Rouge et le plus beau monde sous-marin","description":"Passez des moments inoubliables avec nous lors d'un safari de plong\u00e9e en mer Rouge. Nous vous amenons dans les plus beaux endroits pour la plong\u00e9e. Nous n'offrons pas de tourisme de masse \u00e0 bord et nous sommes un \u00e9quipage tr\u00e8s exp\u00e9riment\u00e9.","robots":{"index":"index","follow":"follow","max-snippet":"max-snippet:-1","max-image-preview":"max-image-preview:large","max-video-preview":"max-video-preview:-1"},"canonical":"http:\/\/simsim-dive.de\/fr\/nouvelles\/","og_locale":"fr_FR","og_type":"article","og_title":"Croisi\u00e8res dans le sud de la mer Rouge et le plus beau monde sous-marin","og_description":"Passez des moments inoubliables avec nous lors d'un safari de plong\u00e9e en mer Rouge. Nous vous amenons dans les plus beaux endroits pour la plong\u00e9e. Nous n'offrons pas de tourisme de masse \u00e0 bord et nous sommes un \u00e9quipage tr\u00e8s exp\u00e9riment\u00e9.","og_url":"http:\/\/simsim-dive.de\/fr\/nouvelles\/","og_site_name":"SimSim Diving","article_publisher":"https:\/\/www.facebook.com\/simsimdive","article_modified_time":"2018-05-28T08:02:55+00:00","og_image":[{"url":"https:\/\/simsim-dive.de\/wp-content\/uploads\/2016\/10\/green-check-mark-clip-art-5575-150x150.jpg"}],"twitter_card":"summary_large_image","twitter_site":"@SimSimReisen","twitter_misc":{"Dur\u00e9e de lecture estim\u00e9e":"2 minutes"},"schema":{"@context":"https:\/\/schema.org","@graph":[{"@type":"WebPage","@id":"http:\/\/simsim-dive.de\/fr\/nouvelles\/","url":"http:\/\/simsim-dive.de\/fr\/nouvelles\/","name":"Croisi\u00e8res dans le sud de la mer Rouge et le plus beau monde sous-marin","isPartOf":{"@id":"http:\/\/simsim-dive.de\/fr\/#website"},"primaryImageOfPage":{"@id":"http:\/\/simsim-dive.de\/fr\/nouvelles\/#primaryimage"},"image":{"@id":"http:\/\/simsim-dive.de\/fr\/nouvelles\/#primaryimage"},"thumbnailUrl":"https:\/\/simsim-dive.de\/wp-content\/uploads\/2016\/10\/green-check-mark-clip-art-5575-150x150.jpg","datePublished":"2018-05-18T08:41:23+00:00","dateModified":"2018-05-28T08:02:55+00:00","description":"Passez des moments inoubliables avec nous lors d'un safari de plong\u00e9e en mer Rouge. Nous vous amenons dans les plus beaux endroits pour la plong\u00e9e. Nous n'offrons pas de tourisme de masse \u00e0 bord et nous sommes un \u00e9quipage tr\u00e8s exp\u00e9riment\u00e9.","breadcrumb":{"@id":"http:\/\/simsim-dive.de\/fr\/nouvelles\/#breadcrumb"},"inLanguage":"fr-FR","potentialAction":[{"@type":"ReadAction","target":["http:\/\/simsim-dive.de\/fr\/nouvelles\/"]}]},{"@type":"ImageObject","inLanguage":"fr-FR","@id":"http:\/\/simsim-dive.de\/fr\/nouvelles\/#primaryimage","url":"https:\/\/simsim-dive.de\/wp-content\/uploads\/2016\/10\/green-check-mark-clip-art-5575-150x150.jpg","contentUrl":"https:\/\/simsim-dive.de\/wp-content\/uploads\/2016\/10\/green-check-mark-clip-art-5575-150x150.jpg"},{"@type":"BreadcrumbList","@id":"http:\/\/simsim-dive.de\/fr\/nouvelles\/#breadcrumb","itemListElement":[{"@type":"ListItem","position":1,"name":"Startseite","item":"http:\/\/simsim-dive.de\/fr\/"},{"@type":"ListItem","position":2,"name":"Nouvelles"}]},{"@type":"WebSite","@id":"http:\/\/simsim-dive.de\/fr\/#website","url":"http:\/\/simsim-dive.de\/fr\/","name":"SimSim Diving","description":"Diving Paradise!","potentialAction":[{"@type":"SearchAction","target":{"@type":"EntryPoint","urlTemplate":"http:\/\/simsim-dive.de\/fr\/?s={search_term_string}"},"query-input":{"@type":"PropertyValueSpecification","valueRequired":true,"valueName":"search_term_string"}}],"inLanguage":"fr-FR"}]}},"_links":{"self":[{"href":"https:\/\/simsim-dive.de\/fr\/wp-json\/wp\/v2\/pages\/5538","targetHints":{"allow":["GET"]}}],"collection":[{"href":"https:\/\/simsim-dive.de\/fr\/wp-json\/wp\/v2\/pages"}],"about":[{"href":"https:\/\/simsim-dive.de\/fr\/wp-json\/wp\/v2\/types\/page"}],"author":[{"embeddable":true,"href":"https:\/\/simsim-dive.de\/fr\/wp-json\/wp\/v2\/users\/2"}],"replies":[{"embeddable":true,"href":"https:\/\/simsim-dive.de\/fr\/wp-json\/wp\/v2\/comments?post=5538"}],"version-history":[{"count":5,"href":"https:\/\/simsim-dive.de\/fr\/wp-json\/wp\/v2\/pages\/5538\/revisions"}],"predecessor-version":[{"id":5700,"href":"https:\/\/simsim-dive.de\/fr\/wp-json\/wp\/v2\/pages\/5538\/revisions\/5700"}],"wp:attachment":[{"href":"https:\/\/simsim-dive.de\/fr\/wp-json\/wp\/v2\/media?parent=5538"}],"curies":[{"name":"wp","href":"https:\/\/api.w.org\/{rel}","templated":true}]}}