{"id":5537,"date":"2018-05-18T10:41:18","date_gmt":"2018-05-18T08:41:18","guid":{"rendered":"https:\/\/simsim-dive.de\/?page_id=5537"},"modified":"2018-05-18T22:51:25","modified_gmt":"2018-05-18T20:51:25","slug":"touren","status":"publish","type":"page","link":"https:\/\/simsim-dive.de\/fr\/touren\/","title":{"rendered":"Excursions"},"content":{"rendered":"<p>[vc_row][vc_column offset=\u00a0\u00bbvc_hidden-lg vc_hidden-md vc_hidden-sm vc_hidden-xs\u00a0\u00bb][vc_column_text]touren Eine Kite Safari ist etwas <a href=\"https:\/\/simsim-dive.de\/\">ganz<\/a> Besonderes f\u00fcr die Kite Surfer! <a href=\"https:\/\/en.wikipedia.org\/wiki\/Red_Sea\">Die<\/a> touren Surfer k\u00f6nnen auf unserer SIMSIM DIVE bequem und ruhig \u00fcbernachten. Gleich nach dem Fr\u00fchst\u00fcck kann man den Tag aktiv starten und mit dem Kiten am fr\u00fchen Morgen beginnen. Wir fahren euch an die besten Pl\u00e4tze, dort wo Ihr in seichtem t\u00fcrkisfarbenen Wasser und ohne Korallenriffe eure K\u00fcnste und Leidenschaft ausleben k\u00f6nnt. Sollte der Wind mal nicht mitspielen wollen, dann habt Ihr an Bord die M\u00f6glichkeit zu Tauchen oder auch einfach nur Schnorcheln. Let\u00b4s have Fun \u2026<br \/>\nMehr<\/p>\n<p>Unsere beliebten Delfin-Touren bringen Sie an Orte die weitab vom Massentourismus gelegen sind. Wir sind sehr bedacht, die Delfine in ihrem Lebensraum vorsichtig und ruhig zu n\u00e4hern. Sollten sie mal keine Lust haben, so lassen wir sie in Ruhe \u2013 und akzeptieren das so . Sehr oft besteht auch die Chance, mit den Delfinen zu Tauchen und diese faszinierenden Tiere in ihrer Welt zu bestaunen. Wir haben eine 99% Sichtungsrate \u00fcber das ganze Jahr und sind der erste Anbieter f\u00fcr \u201eSchwimmen mit Delfinen in freier Natur\u201c, seit 2005.<br \/>\nMehr<\/p>\n<p>Unvergessliche Momente erleben, die Sonnenunterg\u00e4nge geniessen, dem Reich der Delfine nahe zu sein und Tr\u00e4ume wahr werden zu lassen. \u00dcber das ganze Jahr organisieren wir einzigartige Erlebnisse zu frei-lebenden Delfinen. Wir sind der erste Anbieter f\u00fcr professionelle Delfin Touren vor Hurgahda und El Gouna. Wir bieten Mehrtagestouren an, ab 2 bis 7 Tage und werden euch in dieser Zeit traumhafte Erlebnisse im und auf dem Roten Meer bereiten. Seid bei uns zu Gast an Bord und trifft eines der intelligentesten Tiere auf Erden, die \u201eT\u00fcmmler\u201c.<br \/>\nMehr<\/p>\n<p>Seid zu Gast auf unserer SIMSIM DIVE und fahrt f\u00fcr mehrere Tagen zu legend\u00e4ren Tauchpl\u00e4tzen im Roten Meer. Tages- und Nachttauchg\u00e4nge, Wrack-Tauchen und einfach eine entspannte Atmosph\u00e4re an Bord geniessen. Wir lassen eure unvergessliche Tauchsafari schon ab 8 Personen starten und garantieren euch kein Massentourismus an Bord. Sowie eine perfekt-eingespielte, erfahrene Bootscrew \u2013 ein sauberes, gro\u00dfes und gem\u00fctliches Tauchboot und unvergessliche sch\u00f6ne Tage bei uns auf der SIMSIM DIVE. Wir freuen uns auf euch !<br \/>\nMehr<\/p>\n<p>Als lizensierter Taucher fahren wir unsere G\u00e4ste zu den sch\u00f6nen Tauchpl\u00e4tzen im Roten Meer. Einfach mal wieder einen Tauchgang machen oder den Tauchschein erweitern, es ist alles m\u00f6glich und wir stehen euch als zuverl\u00e4ssigen und erfahrenen Gastgeber zur Seite. Auch f\u00fcr Anf\u00e4nger haben wir interessante Angebote im Programm, macht mit uns einen Schnupperkurs! Zum Beispiel 2 Tauchg\u00e4nge im seichten Wasser, mit einem privaten Tauchlehrer und geniesst die ersten Minuten unter Wasser! Es wird mit Sicherheit ein tolles Erlebnis sein!<br \/>\nMehr<\/p>\n<p>Sie m\u00f6chten mehr als nur Schnorcheln, endlich mal abtauchen und die Tiefen des Roten Meeres erkunden. Los geht\u00b4s \u2013 mit einem Schnupperkurs, in euer Tauchabenteuer! Schritt f\u00fcr Schritt werden wir euch zum lizensierten Taucher ausbilden. Wir organisieren euch, f\u00fcr den ersten Tauchschein \u2013 den OPEN WATER DIVER \u2013 4 Bootsausfl\u00fcge, inklusive komplettes Taucherequipment und erfahrenen Tauchlehrer. Das Lernmaterial wird von uns gestellt, sowie auch die theoretische und praktische Pr\u00fcfung. Wenn Ihr die Pr\u00fcfungen bestanden habt, werden wir euch f\u00fcr PADI den Tauchschein unterschrieben ausstellen.<\/p>\n<p><img loading=\"lazy\" decoding=\"async\" class=\"alignnone wp-image-4219 size-thumbnail\" src=\"https:\/\/simsim-dive.de\/wp-content\/uploads\/2016\/10\/IMG_5864-150x150.jpg\" alt=\"touren\" width=\"150\" height=\"150\" srcset=\"https:\/\/simsim-dive.de\/wp-content\/uploads\/2016\/10\/IMG_5864-150x150.jpg 150w, https:\/\/simsim-dive.de\/wp-content\/uploads\/2016\/10\/IMG_5864-400x400.jpg 400w\" sizes=\"auto, (max-width: 150px) 100vw, 150px\" \/>[\/vc_column_text][\/vc_column][\/vc_row]<\/p>\n","protected":false},"excerpt":{"rendered":"<p>[vc_row][vc_column offset=\u00a0\u00bbvc_hidden-lg vc_hidden-md vc_hidden-sm vc_hidden-xs\u00a0\u00bb][vc_column_text]touren Eine Kite Safari ist etwas ganz Besonderes f\u00fcr die Kite Surfer! Die touren Surfer k\u00f6nnen auf unserer SIMSIM DIVE bequem und ruhig \u00fcbernachten. Gleich nach dem Fr\u00fchst\u00fcck kann man den Tag aktiv starten und mit dem Kiten am fr\u00fchen Morgen beginnen. Wir fahren euch an die besten Pl\u00e4tze, dort wo [&hellip;]<\/p>\n","protected":false},"author":2,"featured_media":0,"parent":0,"menu_order":5,"comment_status":"closed","ping_status":"closed","template":"templates\/angebote_touren.php","meta":{"footnotes":""},"class_list":["post-5537","page","type-page","status-publish","hentry"],"yoast_head":"<!-- This site is optimized with the Yoast SEO plugin v23.9 - https:\/\/yoast.com\/wordpress\/plugins\/seo\/ -->\n<title>Excursions - SimSim Diving<\/title>\n<meta name=\"robots\" content=\"index, follow, max-snippet:-1, max-image-preview:large, max-video-preview:-1\" \/>\n<link rel=\"canonical\" href=\"https:\/\/simsim-dive.de\/fr\/touren\/\" \/>\n<meta property=\"og:locale\" content=\"fr_FR\" \/>\n<meta property=\"og:type\" content=\"article\" \/>\n<meta property=\"og:title\" content=\"Excursions - SimSim Diving\" \/>\n<meta property=\"og:description\" content=\"[vc_row][vc_column offset=\u00a0\u00bbvc_hidden-lg vc_hidden-md vc_hidden-sm vc_hidden-xs\u00a0\u00bb][vc_column_text]touren Eine Kite Safari ist etwas ganz Besonderes f\u00fcr die Kite Surfer! Die touren Surfer k\u00f6nnen auf unserer SIMSIM DIVE bequem und ruhig \u00fcbernachten. Gleich nach dem Fr\u00fchst\u00fcck kann man den Tag aktiv starten und mit dem Kiten am fr\u00fchen Morgen beginnen. Wir fahren euch an die besten Pl\u00e4tze, dort wo [&hellip;]\" \/>\n<meta property=\"og:url\" content=\"https:\/\/simsim-dive.de\/fr\/touren\/\" \/>\n<meta property=\"og:site_name\" content=\"SimSim Diving\" \/>\n<meta property=\"article:publisher\" content=\"https:\/\/www.facebook.com\/simsimdive\" \/>\n<meta property=\"article:modified_time\" content=\"2018-05-18T20:51:25+00:00\" \/>\n<meta property=\"og:image\" content=\"https:\/\/simsim-dive.de\/wp-content\/uploads\/2016\/10\/IMG_5864-150x150.jpg\" \/>\n<meta name=\"twitter:card\" content=\"summary_large_image\" \/>\n<meta name=\"twitter:site\" content=\"@SimSimReisen\" \/>\n<meta name=\"twitter:label1\" content=\"Dur\u00e9e de lecture estim\u00e9e\" \/>\n\t<meta name=\"twitter:data1\" content=\"3 minutes\" \/>\n<script type=\"application\/ld+json\" class=\"yoast-schema-graph\">{\"@context\":\"https:\/\/schema.org\",\"@graph\":[{\"@type\":\"WebPage\",\"@id\":\"https:\/\/simsim-dive.de\/fr\/touren\/\",\"url\":\"https:\/\/simsim-dive.de\/fr\/touren\/\",\"name\":\"Excursions - SimSim Diving\",\"isPartOf\":{\"@id\":\"http:\/\/simsim-dive.de\/fr\/#website\"},\"primaryImageOfPage\":{\"@id\":\"https:\/\/simsim-dive.de\/fr\/touren\/#primaryimage\"},\"image\":{\"@id\":\"https:\/\/simsim-dive.de\/fr\/touren\/#primaryimage\"},\"thumbnailUrl\":\"https:\/\/simsim-dive.de\/wp-content\/uploads\/2016\/10\/IMG_5864-150x150.jpg\",\"datePublished\":\"2018-05-18T08:41:18+00:00\",\"dateModified\":\"2018-05-18T20:51:25+00:00\",\"breadcrumb\":{\"@id\":\"https:\/\/simsim-dive.de\/fr\/touren\/#breadcrumb\"},\"inLanguage\":\"fr-FR\",\"potentialAction\":[{\"@type\":\"ReadAction\",\"target\":[\"https:\/\/simsim-dive.de\/fr\/touren\/\"]}]},{\"@type\":\"ImageObject\",\"inLanguage\":\"fr-FR\",\"@id\":\"https:\/\/simsim-dive.de\/fr\/touren\/#primaryimage\",\"url\":\"https:\/\/simsim-dive.de\/wp-content\/uploads\/2016\/10\/IMG_5864-150x150.jpg\",\"contentUrl\":\"https:\/\/simsim-dive.de\/wp-content\/uploads\/2016\/10\/IMG_5864-150x150.jpg\"},{\"@type\":\"BreadcrumbList\",\"@id\":\"https:\/\/simsim-dive.de\/fr\/touren\/#breadcrumb\",\"itemListElement\":[{\"@type\":\"ListItem\",\"position\":1,\"name\":\"Startseite\",\"item\":\"http:\/\/simsim-dive.de\/fr\/\"},{\"@type\":\"ListItem\",\"position\":2,\"name\":\"Excursions\"}]},{\"@type\":\"WebSite\",\"@id\":\"http:\/\/simsim-dive.de\/fr\/#website\",\"url\":\"http:\/\/simsim-dive.de\/fr\/\",\"name\":\"SimSim Diving\",\"description\":\"Diving Paradise!\",\"potentialAction\":[{\"@type\":\"SearchAction\",\"target\":{\"@type\":\"EntryPoint\",\"urlTemplate\":\"http:\/\/simsim-dive.de\/fr\/?s={search_term_string}\"},\"query-input\":{\"@type\":\"PropertyValueSpecification\",\"valueRequired\":true,\"valueName\":\"search_term_string\"}}],\"inLanguage\":\"fr-FR\"}]}<\/script>\n<!-- \/ Yoast SEO plugin. -->","yoast_head_json":{"title":"Excursions - SimSim Diving","robots":{"index":"index","follow":"follow","max-snippet":"max-snippet:-1","max-image-preview":"max-image-preview:large","max-video-preview":"max-video-preview:-1"},"canonical":"https:\/\/simsim-dive.de\/fr\/touren\/","og_locale":"fr_FR","og_type":"article","og_title":"Excursions - SimSim Diving","og_description":"[vc_row][vc_column offset=\u00a0\u00bbvc_hidden-lg vc_hidden-md vc_hidden-sm vc_hidden-xs\u00a0\u00bb][vc_column_text]touren Eine Kite Safari ist etwas ganz Besonderes f\u00fcr die Kite Surfer! Die touren Surfer k\u00f6nnen auf unserer SIMSIM DIVE bequem und ruhig \u00fcbernachten. Gleich nach dem Fr\u00fchst\u00fcck kann man den Tag aktiv starten und mit dem Kiten am fr\u00fchen Morgen beginnen. Wir fahren euch an die besten Pl\u00e4tze, dort wo [&hellip;]","og_url":"https:\/\/simsim-dive.de\/fr\/touren\/","og_site_name":"SimSim Diving","article_publisher":"https:\/\/www.facebook.com\/simsimdive","article_modified_time":"2018-05-18T20:51:25+00:00","og_image":[{"url":"https:\/\/simsim-dive.de\/wp-content\/uploads\/2016\/10\/IMG_5864-150x150.jpg"}],"twitter_card":"summary_large_image","twitter_site":"@SimSimReisen","twitter_misc":{"Dur\u00e9e de lecture estim\u00e9e":"3 minutes"},"schema":{"@context":"https:\/\/schema.org","@graph":[{"@type":"WebPage","@id":"https:\/\/simsim-dive.de\/fr\/touren\/","url":"https:\/\/simsim-dive.de\/fr\/touren\/","name":"Excursions - SimSim Diving","isPartOf":{"@id":"http:\/\/simsim-dive.de\/fr\/#website"},"primaryImageOfPage":{"@id":"https:\/\/simsim-dive.de\/fr\/touren\/#primaryimage"},"image":{"@id":"https:\/\/simsim-dive.de\/fr\/touren\/#primaryimage"},"thumbnailUrl":"https:\/\/simsim-dive.de\/wp-content\/uploads\/2016\/10\/IMG_5864-150x150.jpg","datePublished":"2018-05-18T08:41:18+00:00","dateModified":"2018-05-18T20:51:25+00:00","breadcrumb":{"@id":"https:\/\/simsim-dive.de\/fr\/touren\/#breadcrumb"},"inLanguage":"fr-FR","potentialAction":[{"@type":"ReadAction","target":["https:\/\/simsim-dive.de\/fr\/touren\/"]}]},{"@type":"ImageObject","inLanguage":"fr-FR","@id":"https:\/\/simsim-dive.de\/fr\/touren\/#primaryimage","url":"https:\/\/simsim-dive.de\/wp-content\/uploads\/2016\/10\/IMG_5864-150x150.jpg","contentUrl":"https:\/\/simsim-dive.de\/wp-content\/uploads\/2016\/10\/IMG_5864-150x150.jpg"},{"@type":"BreadcrumbList","@id":"https:\/\/simsim-dive.de\/fr\/touren\/#breadcrumb","itemListElement":[{"@type":"ListItem","position":1,"name":"Startseite","item":"http:\/\/simsim-dive.de\/fr\/"},{"@type":"ListItem","position":2,"name":"Excursions"}]},{"@type":"WebSite","@id":"http:\/\/simsim-dive.de\/fr\/#website","url":"http:\/\/simsim-dive.de\/fr\/","name":"SimSim Diving","description":"Diving Paradise!","potentialAction":[{"@type":"SearchAction","target":{"@type":"EntryPoint","urlTemplate":"http:\/\/simsim-dive.de\/fr\/?s={search_term_string}"},"query-input":{"@type":"PropertyValueSpecification","valueRequired":true,"valueName":"search_term_string"}}],"inLanguage":"fr-FR"}]}},"_links":{"self":[{"href":"https:\/\/simsim-dive.de\/fr\/wp-json\/wp\/v2\/pages\/5537","targetHints":{"allow":["GET"]}}],"collection":[{"href":"https:\/\/simsim-dive.de\/fr\/wp-json\/wp\/v2\/pages"}],"about":[{"href":"https:\/\/simsim-dive.de\/fr\/wp-json\/wp\/v2\/types\/page"}],"author":[{"embeddable":true,"href":"https:\/\/simsim-dive.de\/fr\/wp-json\/wp\/v2\/users\/2"}],"replies":[{"embeddable":true,"href":"https:\/\/simsim-dive.de\/fr\/wp-json\/wp\/v2\/comments?post=5537"}],"version-history":[{"count":2,"href":"https:\/\/simsim-dive.de\/fr\/wp-json\/wp\/v2\/pages\/5537\/revisions"}],"predecessor-version":[{"id":5594,"href":"https:\/\/simsim-dive.de\/fr\/wp-json\/wp\/v2\/pages\/5537\/revisions\/5594"}],"wp:attachment":[{"href":"https:\/\/simsim-dive.de\/fr\/wp-json\/wp\/v2\/media?parent=5537"}],"curies":[{"name":"wp","href":"https:\/\/api.w.org\/{rel}","templated":true}]}}