{"id":5535,"date":"2018-05-18T10:40:28","date_gmt":"2018-05-18T08:40:28","guid":{"rendered":"https:\/\/simsim-dive.de\/?page_id=5535"},"modified":"2018-05-18T23:27:46","modified_gmt":"2018-05-18T21:27:46","slug":"bateaux-de-plongees-galerie-fotos","status":"publish","type":"page","link":"https:\/\/simsim-dive.de\/fr\/bateaux-de-plongees-galerie-fotos\/","title":{"rendered":"Navire de plong\u00e9e \/ Images"},"content":{"rendered":"","protected":false},"excerpt":{"rendered":"","protected":false},"author":2,"featured_media":0,"parent":0,"menu_order":3,"comment_status":"closed","ping_status":"closed","template":"templates\/tauchschiffe.php","meta":{"footnotes":""},"class_list":["post-5535","page","type-page","status-publish","hentry"],"yoast_head":"<!-- This site is optimized with the Yoast SEO plugin v23.9 - https:\/\/yoast.com\/wordpress\/plugins\/seo\/ -->\n<title>Nous organisons des croisi\u00e8res de plong\u00e9e int\u00e9ressantes en Egypte.<\/title>\n<meta name=\"description\" content=\"Nous organisons des croisi\u00e8res de plong\u00e9e int\u00e9ressantes en Egypte et conduisons vers les plus beaux endroits de la Mer Rouge.\" \/>\n<meta name=\"robots\" content=\"index, follow, max-snippet:-1, max-image-preview:large, max-video-preview:-1\" \/>\n<link rel=\"canonical\" href=\"https:\/\/simsim-dive.de\/fr\/bateaux-de-plongees-galerie-fotos\/\" \/>\n<meta property=\"og:locale\" content=\"fr_FR\" \/>\n<meta property=\"og:type\" content=\"article\" \/>\n<meta property=\"og:title\" content=\"Nous organisons des croisi\u00e8res de plong\u00e9e int\u00e9ressantes en Egypte.\" \/>\n<meta property=\"og:description\" content=\"Nous organisons des croisi\u00e8res de plong\u00e9e int\u00e9ressantes en Egypte et conduisons vers les plus beaux endroits de la Mer Rouge.\" \/>\n<meta property=\"og:url\" content=\"https:\/\/simsim-dive.de\/fr\/bateaux-de-plongees-galerie-fotos\/\" \/>\n<meta property=\"og:site_name\" content=\"SimSim Diving\" \/>\n<meta property=\"article:publisher\" content=\"https:\/\/www.facebook.com\/simsimdive\" \/>\n<meta property=\"article:modified_time\" content=\"2018-05-18T21:27:46+00:00\" \/>\n<meta name=\"twitter:card\" content=\"summary_large_image\" \/>\n<meta name=\"twitter:site\" content=\"@SimSimReisen\" \/>\n<script type=\"application\/ld+json\" class=\"yoast-schema-graph\">{\"@context\":\"https:\/\/schema.org\",\"@graph\":[{\"@type\":\"WebPage\",\"@id\":\"https:\/\/simsim-dive.de\/fr\/bateaux-de-plongees-galerie-fotos\/\",\"url\":\"https:\/\/simsim-dive.de\/fr\/bateaux-de-plongees-galerie-fotos\/\",\"name\":\"Nous organisons des croisi\u00e8res de plong\u00e9e int\u00e9ressantes en Egypte.\",\"isPartOf\":{\"@id\":\"http:\/\/simsim-dive.de\/fr\/#website\"},\"datePublished\":\"2018-05-18T08:40:28+00:00\",\"dateModified\":\"2018-05-18T21:27:46+00:00\",\"description\":\"Nous organisons des croisi\u00e8res de plong\u00e9e int\u00e9ressantes en Egypte et conduisons vers les plus beaux endroits de la Mer Rouge.\",\"breadcrumb\":{\"@id\":\"https:\/\/simsim-dive.de\/fr\/bateaux-de-plongees-galerie-fotos\/#breadcrumb\"},\"inLanguage\":\"fr-FR\",\"potentialAction\":[{\"@type\":\"ReadAction\",\"target\":[\"https:\/\/simsim-dive.de\/fr\/bateaux-de-plongees-galerie-fotos\/\"]}]},{\"@type\":\"BreadcrumbList\",\"@id\":\"https:\/\/simsim-dive.de\/fr\/bateaux-de-plongees-galerie-fotos\/#breadcrumb\",\"itemListElement\":[{\"@type\":\"ListItem\",\"position\":1,\"name\":\"Startseite\",\"item\":\"http:\/\/simsim-dive.de\/fr\/\"},{\"@type\":\"ListItem\",\"position\":2,\"name\":\"Navire de plong\u00e9e \/ Images\"}]},{\"@type\":\"WebSite\",\"@id\":\"http:\/\/simsim-dive.de\/fr\/#website\",\"url\":\"http:\/\/simsim-dive.de\/fr\/\",\"name\":\"SimSim Diving\",\"description\":\"Diving Paradise!\",\"potentialAction\":[{\"@type\":\"SearchAction\",\"target\":{\"@type\":\"EntryPoint\",\"urlTemplate\":\"http:\/\/simsim-dive.de\/fr\/?s={search_term_string}\"},\"query-input\":{\"@type\":\"PropertyValueSpecification\",\"valueRequired\":true,\"valueName\":\"search_term_string\"}}],\"inLanguage\":\"fr-FR\"}]}<\/script>\n<!-- \/ Yoast SEO plugin. -->","yoast_head_json":{"title":"Nous organisons des croisi\u00e8res de plong\u00e9e int\u00e9ressantes en Egypte.","description":"Nous organisons des croisi\u00e8res de plong\u00e9e int\u00e9ressantes en Egypte et conduisons vers les plus beaux endroits de la Mer Rouge.","robots":{"index":"index","follow":"follow","max-snippet":"max-snippet:-1","max-image-preview":"max-image-preview:large","max-video-preview":"max-video-preview:-1"},"canonical":"https:\/\/simsim-dive.de\/fr\/bateaux-de-plongees-galerie-fotos\/","og_locale":"fr_FR","og_type":"article","og_title":"Nous organisons des croisi\u00e8res de plong\u00e9e int\u00e9ressantes en Egypte.","og_description":"Nous organisons des croisi\u00e8res de plong\u00e9e int\u00e9ressantes en Egypte et conduisons vers les plus beaux endroits de la Mer Rouge.","og_url":"https:\/\/simsim-dive.de\/fr\/bateaux-de-plongees-galerie-fotos\/","og_site_name":"SimSim Diving","article_publisher":"https:\/\/www.facebook.com\/simsimdive","article_modified_time":"2018-05-18T21:27:46+00:00","twitter_card":"summary_large_image","twitter_site":"@SimSimReisen","schema":{"@context":"https:\/\/schema.org","@graph":[{"@type":"WebPage","@id":"https:\/\/simsim-dive.de\/fr\/bateaux-de-plongees-galerie-fotos\/","url":"https:\/\/simsim-dive.de\/fr\/bateaux-de-plongees-galerie-fotos\/","name":"Nous organisons des croisi\u00e8res de plong\u00e9e int\u00e9ressantes en Egypte.","isPartOf":{"@id":"http:\/\/simsim-dive.de\/fr\/#website"},"datePublished":"2018-05-18T08:40:28+00:00","dateModified":"2018-05-18T21:27:46+00:00","description":"Nous organisons des croisi\u00e8res de plong\u00e9e int\u00e9ressantes en Egypte et conduisons vers les plus beaux endroits de la Mer Rouge.","breadcrumb":{"@id":"https:\/\/simsim-dive.de\/fr\/bateaux-de-plongees-galerie-fotos\/#breadcrumb"},"inLanguage":"fr-FR","potentialAction":[{"@type":"ReadAction","target":["https:\/\/simsim-dive.de\/fr\/bateaux-de-plongees-galerie-fotos\/"]}]},{"@type":"BreadcrumbList","@id":"https:\/\/simsim-dive.de\/fr\/bateaux-de-plongees-galerie-fotos\/#breadcrumb","itemListElement":[{"@type":"ListItem","position":1,"name":"Startseite","item":"http:\/\/simsim-dive.de\/fr\/"},{"@type":"ListItem","position":2,"name":"Navire de plong\u00e9e \/ Images"}]},{"@type":"WebSite","@id":"http:\/\/simsim-dive.de\/fr\/#website","url":"http:\/\/simsim-dive.de\/fr\/","name":"SimSim Diving","description":"Diving Paradise!","potentialAction":[{"@type":"SearchAction","target":{"@type":"EntryPoint","urlTemplate":"http:\/\/simsim-dive.de\/fr\/?s={search_term_string}"},"query-input":{"@type":"PropertyValueSpecification","valueRequired":true,"valueName":"search_term_string"}}],"inLanguage":"fr-FR"}]}},"_links":{"self":[{"href":"https:\/\/simsim-dive.de\/fr\/wp-json\/wp\/v2\/pages\/5535","targetHints":{"allow":["GET"]}}],"collection":[{"href":"https:\/\/simsim-dive.de\/fr\/wp-json\/wp\/v2\/pages"}],"about":[{"href":"https:\/\/simsim-dive.de\/fr\/wp-json\/wp\/v2\/types\/page"}],"author":[{"embeddable":true,"href":"https:\/\/simsim-dive.de\/fr\/wp-json\/wp\/v2\/users\/2"}],"replies":[{"embeddable":true,"href":"https:\/\/simsim-dive.de\/fr\/wp-json\/wp\/v2\/comments?post=5535"}],"version-history":[{"count":16,"href":"https:\/\/simsim-dive.de\/fr\/wp-json\/wp\/v2\/pages\/5535\/revisions"}],"predecessor-version":[{"id":5618,"href":"https:\/\/simsim-dive.de\/fr\/wp-json\/wp\/v2\/pages\/5535\/revisions\/5618"}],"wp:attachment":[{"href":"https:\/\/simsim-dive.de\/fr\/wp-json\/wp\/v2\/media?parent=5535"}],"curies":[{"name":"wp","href":"https:\/\/api.w.org\/{rel}","templated":true}]}}