{"id":5521,"date":"2018-05-18T14:22:41","date_gmt":"2018-05-18T12:22:41","guid":{"rendered":"https:\/\/simsim-dive.de\/?page_id=5521"},"modified":"2018-05-18T14:24:08","modified_gmt":"2018-05-18T12:24:08","slug":"nous","status":"publish","type":"page","link":"https:\/\/simsim-dive.de\/fr\/nous\/","title":{"rendered":"Nous"},"content":{"rendered":"<p>[vc_row][vc_column offset=\u00a0\u00bbvc_hidden-lg vc_hidden-md vc_hidden-sm vc_hidden-xs\u00a0\u00bb][vc_column_text]SimSim Dive Tauchsafaris Hurghada <a href=\"https:\/\/en.wikipedia.org\/wiki\/Red_Sea\">Rotes<\/a> Meer. Wir sind eine deutsch \u2013 \u00e4gyptisches Familienunternehmen mit Sitz in <a href=\"https:\/\/simsim-dive.de\/\">Hurghada <\/a><\/p>\n<p>Seit \u00fcber 22 Jahren sind wir in der Tourismusbranche t\u00e4tig.<br \/>\nWir sammeln seit vielen Jahren Erfahrung durch unsere angebotenen Tagesreisen. Deshalb erweitern wir unser Angebot mit Tauchausfl\u00fcgen und Tauchsafaris.<\/p>\n<p>Wir sind ein deutsch-\u00e4gyptisches Familienunternehmen mit Sitz in Hurghada und wir setzen uns pers\u00f6nlich um unsere G\u00e4ste. Wir begr\u00fc\u00dfen Sie in einer famili\u00e4ren Atmosph\u00e4re an Bord.<\/p>\n<p>HAMADA<br \/>\nBootsjunge<\/p>\n<p>MOUSTAFA<br \/>\nBootsjunge<\/p>\n<p>ALAA<br \/>\nBootsjunge<\/p>\n<p>ALI<br \/>\nKapit\u00e4n<\/p>\n<p>AHMED<br \/>\nBootsjunge<\/p>\n<p>JACOB<br \/>\nBootsjunge<\/p>\n<p>MOHAMED<br \/>\nBootsjunge<\/p>\n<p>YASSER<br \/>\nBootsjunge<\/p>\n<p>SAMIR<br \/>\nOrganisation<\/p>\n<p>KARIM<br \/>\nManager<\/p>\n<p>MOHAMED<br \/>\nMechaniker<\/p>\n<p>LUKAS<br \/>\nTauchguide<\/p>\n<p>HAMADA<br \/>\nBootsjunge<\/p>\n<p>MOUSTAFA<br \/>\nBootsjunge<\/p>\n<p>ALAA<br \/>\nBootsjunge<\/p>\n<p>ALI<br \/>\nKapit\u00e4n<\/p>\n<p>AHMED<br \/>\nBootsjunge<\/p>\n<p>JACOB<br \/>\nBootsjunge<\/p>\n<p>MOHAMED<br \/>\nBootsjunge<\/p>\n<p>YASSER<br \/>\nBootsjunge<\/p>\n<p>SAMIR<br \/>\nOrganisation<\/p>\n<p>KARIM<br \/>\nManager<\/p>\n<p>MOHAMED<br \/>\nMechaniker<\/p>\n<p>LUKAS<br \/>\nTauchguide<\/p>\n<p>HAMADA<br \/>\nBootsjunge<\/p>\n<p>MOUSTAFA<br \/>\nBootsjunge<\/p>\n<p>ALAA<br \/>\nBootsjunge<\/p>\n<p>ALI<br \/>\nKapit\u00e4n<\/p>\n<p>Nous sommes une \u00e9quipe exp\u00e9riment\u00e9e<br \/>\nNotre capitaine n\u2019est non seulement rompu \u00e0 la Mer Rouge, il y est chez lui. Il sera ravis de vous voir! Vu le fait qu\u2019il ressorte d\u2019une famille de p\u00eacheurs , il connait et adore la Mer Rouge d\u00e8s son enfance.<\/p>\n<p>Nous serions heureux de pouvoir vous choyer avec des d\u00e9lices. Tous les jours notre cuisinier met tout son coeur \u00e0 pr\u00e9parer votre buffet aux ingr\u00e9dients bien frais.<\/p>\n<p>L\u2019\u00e9quipage de la SimSim Dive vous am\u00e8ne vers les sites les plus beaux et les plus int\u00e9ressants de la Mer Rouge.<\/p>\n<p>Nous sommes toujours avides de pr\u00e9venir vos souhaits.<\/p>\n<p>Service en ligne<\/p>\n<p>Nous serions heureux de pouvoir r\u00e9aliser vos voyages personnalis\u00e9s et de pouvoir vous proposer les sorties \u00e0 la date que vous d\u00e9sirez. Nous pouvons \u00e0 tout moment vous proposer des tours \u00e0 court terme. <\/p>\n<p>Nous avons beaucoup d\u2019offres de louage complet au programme, \u00e0 un tr\u00e8s bon rapport qualit\u00e9 prix.<\/p>\n<p>Pour que un safari de plong\u00e9e puisse avoir lieu, il faut au minimum huit personnes. <\/p>\n<p>Contactez nous par email, nous r\u00e9pondrons avec plaisir.<\/p>\n<p>La SimSim Dive a divers issues.<\/p>\n<p>La SimSim Dive ne fait pas que des tours de safari. Parfois elle est \u00e9galement disponible pour la journ\u00e9e de plong\u00e9e qui a lieu tous les jours &#8211; \u00e0 moins qu\u00b4 elle ne soit en safari. <\/p>\n<p>Elle a une bonne ambiance et dispose de<br \/>\nbeaucoup de place pour se d\u00e9tendre. <\/p>\n<p>Nos cabines sont am\u00e9nag\u00e9es de fa\u00e7on tr\u00e8s accueillante.<\/p>\n<p>Parfois elle est \u00e9galement disponible pour les sorties, qu\u00b4 il s\u00b4 agisse de la journ\u00e9e avec plong\u00e9es nocturnes, de sorties vers des iles, combin\u00e9es aux plong\u00e9es ou de mini safaris.<\/p>\n<p>Nous serions ravis de vous voir. <\/p>\n<p>A bient\u00f4t \u00e0 bord.<\/p>\n<p>Votre \u00e9quipe de safari de plong\u00e9e SIMSIM DIVE<\/p>\n<p>Envoyez nous un message email au:<\/p>\n<p><img loading=\"lazy\" decoding=\"async\" class=\"alignnone size-thumbnail wp-image-4143\" src=\"https:\/\/simsim-dive.de\/wp-content\/uploads\/2017\/12\/P1050021-150x150.jpg\" alt=\"SimSim\" width=\"150\" height=\"150\" srcset=\"https:\/\/simsim-dive.de\/wp-content\/uploads\/2017\/12\/P1050021-150x150.jpg 150w, https:\/\/simsim-dive.de\/wp-content\/uploads\/2017\/12\/P1050021-400x400.jpg 400w\" sizes=\"auto, (max-width: 150px) 100vw, 150px\" \/>[\/vc_column_text][\/vc_column][\/vc_row]<\/p>\n","protected":false},"excerpt":{"rendered":"<p>[vc_row][vc_column offset=\u00a0\u00bbvc_hidden-lg vc_hidden-md vc_hidden-sm vc_hidden-xs\u00a0\u00bb][vc_column_text]SimSim Dive Tauchsafaris Hurghada Rotes Meer. Wir sind eine deutsch \u2013 \u00e4gyptisches Familienunternehmen mit Sitz in Hurghada Seit \u00fcber 22 Jahren sind wir in der Tourismusbranche t\u00e4tig. Wir sammeln seit vielen Jahren Erfahrung durch unsere angebotenen Tagesreisen. Deshalb erweitern wir unser Angebot mit Tauchausfl\u00fcgen und Tauchsafaris. Wir sind ein deutsch-\u00e4gyptisches Familienunternehmen [&hellip;]<\/p>\n","protected":false},"author":2,"featured_media":0,"parent":0,"menu_order":0,"comment_status":"closed","ping_status":"closed","template":"templates\/uber-uns.php","meta":{"footnotes":""},"class_list":["post-5521","page","type-page","status-publish","hentry"],"yoast_head":"<!-- This site is optimized with the Yoast SEO plugin v23.9 - https:\/\/yoast.com\/wordpress\/plugins\/seo\/ -->\n<title>Nous - SimSim Diving<\/title>\n<meta name=\"robots\" content=\"index, follow, max-snippet:-1, max-image-preview:large, max-video-preview:-1\" \/>\n<link rel=\"canonical\" href=\"https:\/\/simsim-dive.de\/fr\/nous\/\" \/>\n<meta property=\"og:locale\" content=\"fr_FR\" \/>\n<meta property=\"og:type\" content=\"article\" \/>\n<meta property=\"og:title\" content=\"Nous - SimSim Diving\" \/>\n<meta property=\"og:description\" content=\"[vc_row][vc_column offset=\u00a0\u00bbvc_hidden-lg vc_hidden-md vc_hidden-sm vc_hidden-xs\u00a0\u00bb][vc_column_text]SimSim Dive Tauchsafaris Hurghada Rotes Meer. Wir sind eine deutsch \u2013 \u00e4gyptisches Familienunternehmen mit Sitz in Hurghada Seit \u00fcber 22 Jahren sind wir in der Tourismusbranche t\u00e4tig. Wir sammeln seit vielen Jahren Erfahrung durch unsere angebotenen Tagesreisen. Deshalb erweitern wir unser Angebot mit Tauchausfl\u00fcgen und Tauchsafaris. Wir sind ein deutsch-\u00e4gyptisches Familienunternehmen [&hellip;]\" \/>\n<meta property=\"og:url\" content=\"https:\/\/simsim-dive.de\/fr\/nous\/\" \/>\n<meta property=\"og:site_name\" content=\"SimSim Diving\" \/>\n<meta property=\"article:publisher\" content=\"https:\/\/www.facebook.com\/simsimdive\" \/>\n<meta property=\"article:modified_time\" content=\"2018-05-18T12:24:08+00:00\" \/>\n<meta property=\"og:image\" content=\"https:\/\/simsim-dive.de\/wp-content\/uploads\/2017\/12\/P1050021-150x150.jpg\" \/>\n<meta name=\"twitter:card\" content=\"summary_large_image\" \/>\n<meta name=\"twitter:site\" content=\"@SimSimReisen\" \/>\n<meta name=\"twitter:label1\" content=\"Dur\u00e9e de lecture estim\u00e9e\" \/>\n\t<meta name=\"twitter:data1\" content=\"2 minutes\" \/>\n<script type=\"application\/ld+json\" class=\"yoast-schema-graph\">{\"@context\":\"https:\/\/schema.org\",\"@graph\":[{\"@type\":\"WebPage\",\"@id\":\"https:\/\/simsim-dive.de\/fr\/nous\/\",\"url\":\"https:\/\/simsim-dive.de\/fr\/nous\/\",\"name\":\"Nous - SimSim Diving\",\"isPartOf\":{\"@id\":\"http:\/\/simsim-dive.de\/fr\/#website\"},\"primaryImageOfPage\":{\"@id\":\"https:\/\/simsim-dive.de\/fr\/nous\/#primaryimage\"},\"image\":{\"@id\":\"https:\/\/simsim-dive.de\/fr\/nous\/#primaryimage\"},\"thumbnailUrl\":\"https:\/\/simsim-dive.de\/wp-content\/uploads\/2017\/12\/P1050021-150x150.jpg\",\"datePublished\":\"2018-05-18T12:22:41+00:00\",\"dateModified\":\"2018-05-18T12:24:08+00:00\",\"breadcrumb\":{\"@id\":\"https:\/\/simsim-dive.de\/fr\/nous\/#breadcrumb\"},\"inLanguage\":\"fr-FR\",\"potentialAction\":[{\"@type\":\"ReadAction\",\"target\":[\"https:\/\/simsim-dive.de\/fr\/nous\/\"]}]},{\"@type\":\"ImageObject\",\"inLanguage\":\"fr-FR\",\"@id\":\"https:\/\/simsim-dive.de\/fr\/nous\/#primaryimage\",\"url\":\"https:\/\/simsim-dive.de\/wp-content\/uploads\/2017\/12\/P1050021-150x150.jpg\",\"contentUrl\":\"https:\/\/simsim-dive.de\/wp-content\/uploads\/2017\/12\/P1050021-150x150.jpg\"},{\"@type\":\"BreadcrumbList\",\"@id\":\"https:\/\/simsim-dive.de\/fr\/nous\/#breadcrumb\",\"itemListElement\":[{\"@type\":\"ListItem\",\"position\":1,\"name\":\"Startseite\",\"item\":\"http:\/\/simsim-dive.de\/fr\/\"},{\"@type\":\"ListItem\",\"position\":2,\"name\":\"Nous\"}]},{\"@type\":\"WebSite\",\"@id\":\"http:\/\/simsim-dive.de\/fr\/#website\",\"url\":\"http:\/\/simsim-dive.de\/fr\/\",\"name\":\"SimSim Diving\",\"description\":\"Diving Paradise!\",\"potentialAction\":[{\"@type\":\"SearchAction\",\"target\":{\"@type\":\"EntryPoint\",\"urlTemplate\":\"http:\/\/simsim-dive.de\/fr\/?s={search_term_string}\"},\"query-input\":{\"@type\":\"PropertyValueSpecification\",\"valueRequired\":true,\"valueName\":\"search_term_string\"}}],\"inLanguage\":\"fr-FR\"}]}<\/script>\n<!-- \/ Yoast SEO plugin. -->","yoast_head_json":{"title":"Nous - SimSim Diving","robots":{"index":"index","follow":"follow","max-snippet":"max-snippet:-1","max-image-preview":"max-image-preview:large","max-video-preview":"max-video-preview:-1"},"canonical":"https:\/\/simsim-dive.de\/fr\/nous\/","og_locale":"fr_FR","og_type":"article","og_title":"Nous - SimSim Diving","og_description":"[vc_row][vc_column offset=\u00a0\u00bbvc_hidden-lg vc_hidden-md vc_hidden-sm vc_hidden-xs\u00a0\u00bb][vc_column_text]SimSim Dive Tauchsafaris Hurghada Rotes Meer. Wir sind eine deutsch \u2013 \u00e4gyptisches Familienunternehmen mit Sitz in Hurghada Seit \u00fcber 22 Jahren sind wir in der Tourismusbranche t\u00e4tig. Wir sammeln seit vielen Jahren Erfahrung durch unsere angebotenen Tagesreisen. Deshalb erweitern wir unser Angebot mit Tauchausfl\u00fcgen und Tauchsafaris. Wir sind ein deutsch-\u00e4gyptisches Familienunternehmen [&hellip;]","og_url":"https:\/\/simsim-dive.de\/fr\/nous\/","og_site_name":"SimSim Diving","article_publisher":"https:\/\/www.facebook.com\/simsimdive","article_modified_time":"2018-05-18T12:24:08+00:00","og_image":[{"url":"https:\/\/simsim-dive.de\/wp-content\/uploads\/2017\/12\/P1050021-150x150.jpg"}],"twitter_card":"summary_large_image","twitter_site":"@SimSimReisen","twitter_misc":{"Dur\u00e9e de lecture estim\u00e9e":"2 minutes"},"schema":{"@context":"https:\/\/schema.org","@graph":[{"@type":"WebPage","@id":"https:\/\/simsim-dive.de\/fr\/nous\/","url":"https:\/\/simsim-dive.de\/fr\/nous\/","name":"Nous - SimSim Diving","isPartOf":{"@id":"http:\/\/simsim-dive.de\/fr\/#website"},"primaryImageOfPage":{"@id":"https:\/\/simsim-dive.de\/fr\/nous\/#primaryimage"},"image":{"@id":"https:\/\/simsim-dive.de\/fr\/nous\/#primaryimage"},"thumbnailUrl":"https:\/\/simsim-dive.de\/wp-content\/uploads\/2017\/12\/P1050021-150x150.jpg","datePublished":"2018-05-18T12:22:41+00:00","dateModified":"2018-05-18T12:24:08+00:00","breadcrumb":{"@id":"https:\/\/simsim-dive.de\/fr\/nous\/#breadcrumb"},"inLanguage":"fr-FR","potentialAction":[{"@type":"ReadAction","target":["https:\/\/simsim-dive.de\/fr\/nous\/"]}]},{"@type":"ImageObject","inLanguage":"fr-FR","@id":"https:\/\/simsim-dive.de\/fr\/nous\/#primaryimage","url":"https:\/\/simsim-dive.de\/wp-content\/uploads\/2017\/12\/P1050021-150x150.jpg","contentUrl":"https:\/\/simsim-dive.de\/wp-content\/uploads\/2017\/12\/P1050021-150x150.jpg"},{"@type":"BreadcrumbList","@id":"https:\/\/simsim-dive.de\/fr\/nous\/#breadcrumb","itemListElement":[{"@type":"ListItem","position":1,"name":"Startseite","item":"http:\/\/simsim-dive.de\/fr\/"},{"@type":"ListItem","position":2,"name":"Nous"}]},{"@type":"WebSite","@id":"http:\/\/simsim-dive.de\/fr\/#website","url":"http:\/\/simsim-dive.de\/fr\/","name":"SimSim Diving","description":"Diving Paradise!","potentialAction":[{"@type":"SearchAction","target":{"@type":"EntryPoint","urlTemplate":"http:\/\/simsim-dive.de\/fr\/?s={search_term_string}"},"query-input":{"@type":"PropertyValueSpecification","valueRequired":true,"valueName":"search_term_string"}}],"inLanguage":"fr-FR"}]}},"_links":{"self":[{"href":"https:\/\/simsim-dive.de\/fr\/wp-json\/wp\/v2\/pages\/5521","targetHints":{"allow":["GET"]}}],"collection":[{"href":"https:\/\/simsim-dive.de\/fr\/wp-json\/wp\/v2\/pages"}],"about":[{"href":"https:\/\/simsim-dive.de\/fr\/wp-json\/wp\/v2\/types\/page"}],"author":[{"embeddable":true,"href":"https:\/\/simsim-dive.de\/fr\/wp-json\/wp\/v2\/users\/2"}],"replies":[{"embeddable":true,"href":"https:\/\/simsim-dive.de\/fr\/wp-json\/wp\/v2\/comments?post=5521"}],"version-history":[{"count":4,"href":"https:\/\/simsim-dive.de\/fr\/wp-json\/wp\/v2\/pages\/5521\/revisions"}],"predecessor-version":[{"id":5580,"href":"https:\/\/simsim-dive.de\/fr\/wp-json\/wp\/v2\/pages\/5521\/revisions\/5580"}],"wp:attachment":[{"href":"https:\/\/simsim-dive.de\/fr\/wp-json\/wp\/v2\/media?parent=5521"}],"curies":[{"name":"wp","href":"https:\/\/api.w.org\/{rel}","templated":true}]}}