{"id":5519,"date":"2018-05-18T23:44:24","date_gmt":"2018-05-18T21:44:24","guid":{"rendered":"https:\/\/simsim-dive.de\/?page_id=5519"},"modified":"2019-09-02T12:37:40","modified_gmt":"2019-09-02T10:37:40","slug":"homepage","status":"publish","type":"page","link":"http:\/\/simsim-dive.de\/fr\/","title":{"rendered":"Homepage"},"content":{"rendered":"<p>[vc_row][vc_column offset=\u00a0\u00bbvc_hidden-lg vc_hidden-md vc_hidden-sm vc_hidden-xs\u00a0\u00bb][vc_column_text]Nous vous proposons des safaris plong\u00e9e et des safaris kitesurf \u00e0 la Mer Rouge en \u00c9gypte ainsi que des journ\u00e9es de plong\u00e9e sous-marines exclusives. Attendez-vous \u00e0 pouvoir nager au milieu de dauphins en pleine nature et \u00e0 bien plus.<\/p>\n<p>Nous sommes une entreprise familiale sp\u00e9cialis\u00e9e dans des voyages plong\u00e9e familiaux, des safaris kitesurf et des tours dauphins en petits groupes.<\/p>\n<p>mis \u00e0 jour le 18.05.2018<\/p>\n<p>Safari kitesurf<br \/>\nUn safari kitesurf est extraordinaire pour les kitesurfers! Les surfeurs peuvent passer la nuit commod\u00e9ment et en toute tranquillit\u00e9 \u00e0 bord. D\u00e9butez la journ\u00e9e activement en kitesurfant, d\u00e8s le petit jour, directement apr\u00e8s le petit d\u00e9jeuner. Nous vous am\u00e8nerons aux meilleurs sites \u00e0 l\u00b4 eau bleue turquoise, sans grande profondeur et sans r\u00e9cifs coralliens o\u00f9 vous pourrez vivre \u00e0 fond vos r\u00eaves et votre passion de kitesurf. En d\u00e9faut de vent, vous avez la possibilit\u00e9 de plonger ou de tout simplement faire des tours palm\u00e9s. Let\u00b4s have fun\u2026<\/p>\n<p><img loading=\"lazy\" decoding=\"async\" class=\"alignnone size-thumbnail wp-image-4175\" src=\"https:\/\/simsim-dive.de\/wp-content\/uploads\/2017\/12\/IMG_0185-e1485858007663-1-150x150.jpg\" alt=\"Tauchsafari\" width=\"150\" height=\"150\" srcset=\"http:\/\/simsim-dive.de\/wp-content\/uploads\/2017\/12\/IMG_0185-e1485858007663-1-150x150.jpg 150w, http:\/\/simsim-dive.de\/wp-content\/uploads\/2017\/12\/IMG_0185-e1485858007663-1-400x400.jpg 400w\" sizes=\"auto, (max-width: 150px) 100vw, 150px\" \/><br \/>\nWir sammeln seit vielen Jahren Erfahrung durch unsere angebotenen Tagesreisen. Deshalb erweitern wir unser Angebot mit Tauchausfl\u00fcgen und Tauchsafaris.<\/p>\n<p>Wir sind ein deutsch-\u00e4gyptisches Familienunternehmen mit Sitz in Hurghada und wir setzen uns pers\u00f6nlich um unsere G\u00e4ste. Wir begr\u00fc\u00dfen Sie in einer famili\u00e4ren Atmosph\u00e4re an Bord.[\/vc_column_text][\/vc_column][\/vc_row]<\/p>\n","protected":false},"excerpt":{"rendered":"<p>[vc_row][vc_column offset=\u00a0\u00bbvc_hidden-lg vc_hidden-md vc_hidden-sm vc_hidden-xs\u00a0\u00bb][vc_column_text]Nous vous proposons des safaris plong\u00e9e et des safaris kitesurf \u00e0 la Mer Rouge en \u00c9gypte ainsi que des journ\u00e9es de plong\u00e9e sous-marines exclusives. Attendez-vous \u00e0 pouvoir nager au milieu de dauphins en pleine nature et \u00e0 bien plus. Nous sommes une entreprise familiale sp\u00e9cialis\u00e9e dans des voyages plong\u00e9e familiaux, des [&hellip;]<\/p>\n","protected":false},"author":2,"featured_media":0,"parent":0,"menu_order":1,"comment_status":"closed","ping_status":"closed","template":"","meta":{"footnotes":""},"class_list":["post-5519","page","type-page","status-publish","hentry"],"yoast_head":"<!-- This site is optimized with the Yoast SEO plugin v23.9 - https:\/\/yoast.com\/wordpress\/plugins\/seo\/ -->\n<title>Homepage - SimSim Diving<\/title>\n<meta name=\"robots\" content=\"index, follow, max-snippet:-1, max-image-preview:large, max-video-preview:-1\" \/>\n<link rel=\"canonical\" href=\"http:\/\/simsim-dive.de\/fr\/\" \/>\n<meta property=\"og:locale\" content=\"fr_FR\" \/>\n<meta property=\"og:type\" content=\"article\" \/>\n<meta property=\"og:title\" content=\"Homepage - SimSim Diving\" \/>\n<meta property=\"og:description\" content=\"[vc_row][vc_column offset=\u00a0\u00bbvc_hidden-lg vc_hidden-md vc_hidden-sm vc_hidden-xs\u00a0\u00bb][vc_column_text]Nous vous proposons des safaris plong\u00e9e et des safaris kitesurf \u00e0 la Mer Rouge en \u00c9gypte ainsi que des journ\u00e9es de plong\u00e9e sous-marines exclusives. Attendez-vous \u00e0 pouvoir nager au milieu de dauphins en pleine nature et \u00e0 bien plus. Nous sommes une entreprise familiale sp\u00e9cialis\u00e9e dans des voyages plong\u00e9e familiaux, des [&hellip;]\" \/>\n<meta property=\"og:url\" content=\"http:\/\/simsim-dive.de\/fr\/\" \/>\n<meta property=\"og:site_name\" content=\"SimSim Diving\" \/>\n<meta property=\"article:publisher\" content=\"https:\/\/www.facebook.com\/simsimdive\" \/>\n<meta property=\"article:modified_time\" content=\"2019-09-02T10:37:40+00:00\" \/>\n<meta property=\"og:image\" content=\"https:\/\/simsim-dive.de\/wp-content\/uploads\/2017\/12\/IMG_0185-e1485858007663-1-150x150.jpg\" \/>\n<meta name=\"twitter:card\" content=\"summary_large_image\" \/>\n<meta name=\"twitter:site\" content=\"@SimSimReisen\" \/>\n<meta name=\"twitter:label1\" content=\"Dur\u00e9e de lecture estim\u00e9e\" \/>\n\t<meta name=\"twitter:data1\" content=\"1 minute\" \/>\n<script type=\"application\/ld+json\" class=\"yoast-schema-graph\">{\"@context\":\"https:\/\/schema.org\",\"@graph\":[{\"@type\":\"WebPage\",\"@id\":\"http:\/\/simsim-dive.de\/fr\/\",\"url\":\"http:\/\/simsim-dive.de\/fr\/\",\"name\":\"Homepage - SimSim Diving\",\"isPartOf\":{\"@id\":\"http:\/\/simsim-dive.de\/#website\"},\"primaryImageOfPage\":{\"@id\":\"http:\/\/simsim-dive.de\/fr\/#primaryimage\"},\"image\":{\"@id\":\"http:\/\/simsim-dive.de\/fr\/#primaryimage\"},\"thumbnailUrl\":\"https:\/\/simsim-dive.de\/wp-content\/uploads\/2017\/12\/IMG_0185-e1485858007663-1-150x150.jpg\",\"datePublished\":\"2018-05-18T21:44:24+00:00\",\"dateModified\":\"2019-09-02T10:37:40+00:00\",\"breadcrumb\":{\"@id\":\"http:\/\/simsim-dive.de\/fr\/#breadcrumb\"},\"inLanguage\":\"fr-FR\",\"potentialAction\":[{\"@type\":\"ReadAction\",\"target\":[\"http:\/\/simsim-dive.de\/fr\/\"]}]},{\"@type\":\"ImageObject\",\"inLanguage\":\"fr-FR\",\"@id\":\"http:\/\/simsim-dive.de\/fr\/#primaryimage\",\"url\":\"https:\/\/simsim-dive.de\/wp-content\/uploads\/2017\/12\/IMG_0185-e1485858007663-1-150x150.jpg\",\"contentUrl\":\"https:\/\/simsim-dive.de\/wp-content\/uploads\/2017\/12\/IMG_0185-e1485858007663-1-150x150.jpg\"},{\"@type\":\"BreadcrumbList\",\"@id\":\"http:\/\/simsim-dive.de\/fr\/#breadcrumb\",\"itemListElement\":[{\"@type\":\"ListItem\",\"position\":1,\"name\":\"Startseite\",\"item\":\"http:\/\/simsim-dive.de\/fr\/\"},{\"@type\":\"ListItem\",\"position\":2,\"name\":\"Homepage\"}]},{\"@type\":\"WebSite\",\"@id\":\"http:\/\/simsim-dive.de\/#website\",\"url\":\"http:\/\/simsim-dive.de\/\",\"name\":\"SimSim Diving\",\"description\":\"Diving Paradise!\",\"potentialAction\":[{\"@type\":\"SearchAction\",\"target\":{\"@type\":\"EntryPoint\",\"urlTemplate\":\"http:\/\/simsim-dive.de\/?s={search_term_string}\"},\"query-input\":{\"@type\":\"PropertyValueSpecification\",\"valueRequired\":true,\"valueName\":\"search_term_string\"}}],\"inLanguage\":\"fr-FR\"}]}<\/script>\n<!-- \/ Yoast SEO plugin. -->","yoast_head_json":{"title":"Homepage - SimSim Diving","robots":{"index":"index","follow":"follow","max-snippet":"max-snippet:-1","max-image-preview":"max-image-preview:large","max-video-preview":"max-video-preview:-1"},"canonical":"http:\/\/simsim-dive.de\/fr\/","og_locale":"fr_FR","og_type":"article","og_title":"Homepage - SimSim Diving","og_description":"[vc_row][vc_column offset=\u00a0\u00bbvc_hidden-lg vc_hidden-md vc_hidden-sm vc_hidden-xs\u00a0\u00bb][vc_column_text]Nous vous proposons des safaris plong\u00e9e et des safaris kitesurf \u00e0 la Mer Rouge en \u00c9gypte ainsi que des journ\u00e9es de plong\u00e9e sous-marines exclusives. Attendez-vous \u00e0 pouvoir nager au milieu de dauphins en pleine nature et \u00e0 bien plus. Nous sommes une entreprise familiale sp\u00e9cialis\u00e9e dans des voyages plong\u00e9e familiaux, des [&hellip;]","og_url":"http:\/\/simsim-dive.de\/fr\/","og_site_name":"SimSim Diving","article_publisher":"https:\/\/www.facebook.com\/simsimdive","article_modified_time":"2019-09-02T10:37:40+00:00","og_image":[{"url":"https:\/\/simsim-dive.de\/wp-content\/uploads\/2017\/12\/IMG_0185-e1485858007663-1-150x150.jpg"}],"twitter_card":"summary_large_image","twitter_site":"@SimSimReisen","twitter_misc":{"Dur\u00e9e de lecture estim\u00e9e":"1 minute"},"schema":{"@context":"https:\/\/schema.org","@graph":[{"@type":"WebPage","@id":"http:\/\/simsim-dive.de\/fr\/","url":"http:\/\/simsim-dive.de\/fr\/","name":"Homepage - SimSim Diving","isPartOf":{"@id":"http:\/\/simsim-dive.de\/#website"},"primaryImageOfPage":{"@id":"http:\/\/simsim-dive.de\/fr\/#primaryimage"},"image":{"@id":"http:\/\/simsim-dive.de\/fr\/#primaryimage"},"thumbnailUrl":"https:\/\/simsim-dive.de\/wp-content\/uploads\/2017\/12\/IMG_0185-e1485858007663-1-150x150.jpg","datePublished":"2018-05-18T21:44:24+00:00","dateModified":"2019-09-02T10:37:40+00:00","breadcrumb":{"@id":"http:\/\/simsim-dive.de\/fr\/#breadcrumb"},"inLanguage":"fr-FR","potentialAction":[{"@type":"ReadAction","target":["http:\/\/simsim-dive.de\/fr\/"]}]},{"@type":"ImageObject","inLanguage":"fr-FR","@id":"http:\/\/simsim-dive.de\/fr\/#primaryimage","url":"https:\/\/simsim-dive.de\/wp-content\/uploads\/2017\/12\/IMG_0185-e1485858007663-1-150x150.jpg","contentUrl":"https:\/\/simsim-dive.de\/wp-content\/uploads\/2017\/12\/IMG_0185-e1485858007663-1-150x150.jpg"},{"@type":"BreadcrumbList","@id":"http:\/\/simsim-dive.de\/fr\/#breadcrumb","itemListElement":[{"@type":"ListItem","position":1,"name":"Startseite","item":"http:\/\/simsim-dive.de\/fr\/"},{"@type":"ListItem","position":2,"name":"Homepage"}]},{"@type":"WebSite","@id":"http:\/\/simsim-dive.de\/#website","url":"http:\/\/simsim-dive.de\/","name":"SimSim Diving","description":"Diving Paradise!","potentialAction":[{"@type":"SearchAction","target":{"@type":"EntryPoint","urlTemplate":"http:\/\/simsim-dive.de\/?s={search_term_string}"},"query-input":{"@type":"PropertyValueSpecification","valueRequired":true,"valueName":"search_term_string"}}],"inLanguage":"fr-FR"}]}},"_links":{"self":[{"href":"http:\/\/simsim-dive.de\/fr\/wp-json\/wp\/v2\/pages\/5519","targetHints":{"allow":["GET"]}}],"collection":[{"href":"http:\/\/simsim-dive.de\/fr\/wp-json\/wp\/v2\/pages"}],"about":[{"href":"http:\/\/simsim-dive.de\/fr\/wp-json\/wp\/v2\/types\/page"}],"author":[{"embeddable":true,"href":"http:\/\/simsim-dive.de\/fr\/wp-json\/wp\/v2\/users\/2"}],"replies":[{"embeddable":true,"href":"http:\/\/simsim-dive.de\/fr\/wp-json\/wp\/v2\/comments?post=5519"}],"version-history":[{"count":18,"href":"http:\/\/simsim-dive.de\/fr\/wp-json\/wp\/v2\/pages\/5519\/revisions"}],"predecessor-version":[{"id":7442,"href":"http:\/\/simsim-dive.de\/fr\/wp-json\/wp\/v2\/pages\/5519\/revisions\/7442"}],"wp:attachment":[{"href":"http:\/\/simsim-dive.de\/fr\/wp-json\/wp\/v2\/media?parent=5519"}],"curies":[{"name":"wp","href":"https:\/\/api.w.org\/{rel}","templated":true}]}}